{"id":5707,"date":"2024-03-01T09:19:03","date_gmt":"2024-03-01T09:19:03","guid":{"rendered":"https:\/\/obacsalut.com\/xerradestallers\/"},"modified":"2024-03-08T09:52:32","modified_gmt":"2024-03-08T09:52:32","slug":"charlas-talleres","status":"publish","type":"page","link":"https:\/\/obacsalut.com\/es\/charlas-talleres\/","title":{"rendered":"Charlas y talleres"},"content":{"rendered":"<p>[vc_row][vc_column]<h2 class=\"box-header large align-left\">Obac Salut Activa't<\/h2><h3 class=\"box-header large margin-top-30 no-border\">Bienvenidos a Obac Salut Activa't, donde tenemos el placer de ofreceros una oportunidad \u00fanica para explorar y comprender la salud en diferentes etapas de la vida. Con el objetivo de compartir conocimientos y proporcionar herramientas pr\u00e1cticas, nuestro equipo de fisioterapeutas y oste\u00f3patas especializados os invita a participar en nuestras charlas y talleres presenciales.<\/h3>[vc_row_inner][vc_column_inner width=\u00bb1\/4&#8243;][vc_single_image image=\u00bb5636&#8243; img_size=\u00bbfull\u00bb add_caption=\u00bbyes\u00bb css_animation=\u00bbfadeInUp\u00bb][\/vc_column_inner][vc_column_inner width=\u00bb3\/4&#8243;][vc_column_text]Nuestras sesiones combinan una presentaci\u00f3n detallada sobre temas relevantes de salud, seguida de un taller pr\u00e1ctico para aplicar los conceptos aprendidos. Esta experiencia integral os ofrece una visi\u00f3n completa y pr\u00e1ctica de los diversos aspectos relacionados con vuestra salud y bienestar.[\/vc_column_text][\/vc_column_inner][\/vc_row_inner][vc_row_inner][vc_column_inner][vc_column_text]<\/p>\n<h2>Charlas gratuitas:<\/h2>\n<p>[\/vc_column_text][\/vc_column_inner][\/vc_row_inner][\/vc_column][\/vc_row][vc_row][vc_column width=\u00bb1\/3&#8243;][vc_column_text css=\u00bb.vc_custom_1709890357494{border-radius: 2px !important;}\u00bb]<\/p>\n<h3><strong>Suelo p\u00e9lvico femenino:<\/strong><\/h3>\n<p>Descubre estrategias de prevenci\u00f3n, tratamiento y fortalecimiento del suelo p\u00e9lvico para una vida plena y activa.[\/vc_column_text][vc_empty_space height=\u00bb35px\u00bb][vc_column_text]<\/p>\n<h3><strong>Menopausia:<\/strong><\/h3>\n<p>Descubre qu\u00e9 ocurre durante esta etapa de la vida, supera los tab\u00faes y aprende sobre los cambios corporales, la sexualidad, el ejercicio f\u00edsico y mucho m\u00e1s.[\/vc_column_text][\/vc_column][vc_column width=\u00bb1\/3&#8243;][vc_column_text]<\/p>\n<h3><strong>Suelo p\u00e9lvico masculino:<\/strong><\/h3>\n<p>Aprende sobre la disfunci\u00f3n er\u00e9ctil, la incontinencia urinaria y otros trastornos que afectan la calidad de vida de los hombres.[\/vc_column_text][vc_empty_space height=\u00bb35px\u00bb][vc_column_text]<\/p>\n<h3><strong>Procesos de recuperaci\u00f3n oncol\u00f3gica:<\/strong><\/h3>\n<p>\u00bfCu\u00e1les son los siguientes pasos despu\u00e9s del tratamiento? Encuentra orientaci\u00f3n y apoyo en este camino hacia la recuperaci\u00f3[\/vc_column_text][\/vc_column][vc_column width=\u00bb1\/3&#8243;][vc_column_text]<\/p>\n<h3><strong>Incontinencias:<\/strong><\/h3>\n<p>Entiende esta problem\u00e1tica com\u00fan en diferentes etapas de la vida y aprende c\u00f3mo manejarla de manera eficaz.[\/vc_column_text][vc_empty_space height=\u00bb35px\u00bb][vc_column_text]<\/p>\n<h3><strong>Embarazo pre\/postparto:<\/strong><\/h3>\n<p>Profundiza en un embarazo activo y aprende a prepararte para un parto consciente y una recuperaci\u00f3n postparto adecuada.[\/vc_column_text][\/vc_column][\/vc_row][vc_row][vc_column][vc_empty_space height=\u00bb10px\u00bb][\/vc_column][\/vc_row][vc_row][vc_column width=\u00bb1\/3&#8243;][vc_single_image image=\u00bb5676&#8243; img_size=\u00bbmedium\u00bb alignment=\u00bbcenter\u00bb][\/vc_column][vc_column width=\u00bb1\/3&#8243; offset=\u00bbvc_hidden-md vc_hidden-sm\u00bb][vc_single_image image=\u00bb5682&#8243; img_size=\u00bbmedium\u00bb][\/vc_column][vc_column width=\u00bb1\/3&#8243; offset=\u00bbvc_hidden-md vc_hidden-sm\u00bb][vc_single_image image=\u00bb5678&#8243; img_size=\u00bbmedium\u00bb][\/vc_column][\/vc_row][vc_row][vc_column][vc_column_text]<\/p>\n<h2>Talleres presenciales:<\/h2>\n<p>[\/vc_column_text][\/vc_column][\/vc_row][vc_row][vc_column][vc_column_text]Talleres espec\u00edficos de trabajo de la musculatura abdominal y el transverso, sesiones de ejercicio activo en grupos reducidos de 3-4 personas por cada patolog\u00eda espec\u00edfica, adem\u00e1s de resaltar la importancia de los ejercicios de resistencia y fuerza.[\/vc_column_text][\/vc_column][\/vc_row][vc_row][vc_column width=\u00bb1\/3&#8243; css=\u00bb.vc_custom_1709292403869{border-radius: 3px !important;}\u00bb][vc_column_text css=\u00bb.vc_custom_1709890129831{border-radius: 2px !important;}\u00bb]<\/p>\n<h3 style=\"text-align: center;\"><strong>Musculatura abdominal<\/strong><\/h3>\n<p style=\"text-align: center;\">Desarrollaremos ejercicios espec\u00edficos para fortalecer la musculatura abdominal, incluyendo el transverso abdominal, esencial para una buena postura y estabilidad.<\/p>\n<p>[\/vc_column_text][vc_empty_space height=\u00bb35px\u00bb][vc_column_text]<\/p>\n<h3 style=\"text-align: center;\"><strong>Ejercicio para la gente mayor:<\/strong><\/h3>\n<p style=\"text-align: center;\">Adaptaremos ejercicios seguros y efectivos para personas mayores, promocionando la movilidad, fuerza y equilibrio en un entorno adecuado y controlado.<\/p>\n<p>[\/vc_column_text][\/vc_column][vc_column width=\u00bb1\/3&#8243;][vc_column_text]<\/p>\n<h3 style=\"text-align: center;\"><strong>Di\u00e1stasi abdominal<\/strong><\/h3>\n<div class=\"flex-1 overflow-hidden\">\n<div class=\"react-scroll-to-bottom--css-jdwtc-79elbk h-full\">\n<div class=\"react-scroll-to-bottom--css-jdwtc-1n7m0yu\">\n<div class=\"flex flex-col text-sm pb-9\">\n<div class=\"w-full text-token-text-primary\" data-testid=\"conversation-turn-37\">\n<div class=\"px-4 py-2 justify-center text-base md:gap-6 m-auto\">\n<div class=\"flex flex-1 text-base mx-auto gap-3 md:px-5 lg:px-1 xl:px-5 md:max-w-3xl lg:max-w-[40rem] xl:max-w-[48rem] group final-completion\">\n<div class=\"relative flex w-full flex-col agent-turn\">\n<div class=\"flex-col gap-1 md:gap-3\">\n<div class=\"flex flex-grow flex-col max-w-full\">\n<div class=\"min-h-[20px] text-message flex flex-col items-start gap-3 whitespace-pre-wrap break-words [.text-message+&amp;]:mt-5 overflow-x-auto\" data-message-author-role=\"assistant\" data-message-id=\"ea55b791-a293-4997-92b8-988e854d7c6d\">\n<div class=\"markdown prose w-full break-words dark:prose-invert light\">\n<p style=\"text-align: center;\">Abordaremos la di\u00e1stasis abdominal, una separaci\u00f3n de los m\u00fasculos rectos del abdomen com\u00fan durante el embarazo, con ejercicios espec\u00edficos para su recuperaci\u00f3n.<\/p>\n<\/div>\n<\/div>\n<\/div>\n<div class=\"mt-1 flex justify-start gap-3 empty:hidden\">\n<div class=\"text-gray-400 flex self-end lg:self-center justify-center lg:justify-start mt-0 -ml-1 h-7 visible\">\n<div class=\"flex\"><\/div>\n<\/div>\n<\/div>\n<div class=\"pr-2 lg:pr-0\"><\/div>\n<\/div>\n<div class=\"absolute\">\n<div class=\"flex w-full gap-2 items-center justify-center\"><\/div>\n<\/div>\n<\/div>\n<\/div>\n<\/div>\n<\/div>\n<\/div>\n<\/div>\n<\/div>\n<\/div>\n<div class=\"w-full pt-2 md:pt-0 dark:border-white\/20 md:border-transparent md:dark:border-transparent md:w-[calc(100%-.5rem)]\">\n<form class=\"stretch mx-2 flex flex-row gap-3 last:mb-2 md:mx-4 md:last:mb-6 lg:mx-auto lg:max-w-2xl xl:max-w-3xl\">\n<div class=\"relative flex h-full flex-1 flex-col\">\n<div class=\"flex w-full items-center\"><\/div>\n<\/div>\n<\/form>\n<\/div>\n<p>[\/vc_column_text][vc_empty_space height=\u00bb35px\u00bb][vc_column_text]<\/p>\n<h3 style=\"text-align: center;\"><strong>Ejercicio embarazo y postparto:<\/strong><\/h3>\n<p style=\"text-align: center;\">Ofreceremos ejercicios adecuados para mujeres embarazadas y en el per\u00edodo postparto, centr\u00e1ndonos en mantener la salud y la fuerza f\u00edsica durante esta etapa.<\/p>\n<p>[\/vc_column_text][\/vc_column][vc_column width=\u00bb1\/3&#8243;][vc_column_text]<\/p>\n<h3 style=\"text-align: center;\"><strong>Ejercicio f\u00edsico en incontinencias:<\/strong><\/h3>\n<div class=\"flex-1 overflow-hidden\">\n<div class=\"react-scroll-to-bottom--css-jdwtc-79elbk h-full\">\n<div class=\"react-scroll-to-bottom--css-jdwtc-1n7m0yu\">\n<div class=\"flex flex-col text-sm pb-9\">\n<div class=\"w-full text-token-text-primary\" data-testid=\"conversation-turn-39\">\n<div class=\"px-4 py-2 justify-center text-base md:gap-6 m-auto\">\n<div class=\"flex flex-1 text-base mx-auto gap-3 md:px-5 lg:px-1 xl:px-5 md:max-w-3xl lg:max-w-[40rem] xl:max-w-[48rem] group final-completion\">\n<div class=\"relative flex w-full flex-col agent-turn\">\n<div class=\"flex-col gap-1 md:gap-3\">\n<p class=\"pr-2 lg:pr-0\" style=\"text-align: center;\">Exploraremos estrategias de ejercicio para ayudar a gestionar y prevenir la incontinencia urinaria y otros problemas relacionados con la p\u00e9rdida de control de la vejiga.<\/p>\n<\/div>\n<div class=\"absolute\">\n<div class=\"flex w-full gap-2 items-center justify-center\"><\/div>\n<\/div>\n<\/div>\n<\/div>\n<\/div>\n<\/div>\n<\/div>\n<\/div>\n<\/div>\n<\/div>\n<div class=\"w-full pt-2 md:pt-0 dark:border-white\/20 md:border-transparent md:dark:border-transparent md:w-[calc(100%-.5rem)]\">\n<form class=\"stretch mx-2 flex flex-row gap-3 last:mb-2 md:mx-4 md:last:mb-6 lg:mx-auto lg:max-w-2xl xl:max-w-3xl\">\n<div class=\"relative flex h-full flex-1 flex-col\">\n<div class=\"flex w-full items-center\"><\/div>\n<\/div>\n<\/form>\n<\/div>\n<p>[\/vc_column_text][vc_empty_space height=\u00bb35px\u00bb][vc_column_text]<\/p>\n<h3 style=\"text-align: center;\"><strong>Ejercicio y menopausia:<\/strong><\/h3>\n<p style=\"text-align: center;\">Valoraremos la importancia del ejercicio durante la menopausia para mantener la salud cardiovascular, emocional y el trabajo de fuerza, para no perder masa muscular.<\/p>\n<p>[\/vc_column_text][\/vc_column][\/vc_row][vc_row][vc_column][vc_empty_space height=\u00bb20px\u00bb][vc_column_text]En conclusi\u00f3n, os invitamos a participar en nuestras charlas y talleres presenciales. Con el objetivo de proporcionaros una experiencia enriquecedora y educativa sobre salud y bienestar, el equipo de Obac, formado por fisioterapeutas y oste\u00f3patas especializados, os guiar\u00e1 en esta jornada. Conoce m\u00e1s sobre nuestro equipo aqu\u00ed:\u00a0<a href=\"https:\/\/obacsalut.com\/es\/colaboradores\/\">Qui\u00e9nes somos<\/a>[\/vc_column_text][vc_empty_space height=\u00bb20px\u00bb][\/vc_column][vc_column]<h3 class=\"box-header animation-slide\">Si vols rebre informaci\u00f3 apunta't i t\u2019informarem de dates i horaris.<\/h3><form class=\"contact-form \" id=\"contact_form_xerrades\" method=\"post\" action=\"\"><div class=\"vc_row wpb_row vc_inner\">\n\t\t\t<fieldset class=\"vc_col-sm-6 wpb_column vc_column_container\"><label>Nom i Cognoms<\/label>\n\t\t\t\t<div class=\"block\">\n\t\t\t\t\t<input class=\"text_input\" name=\"first_name\" type=\"text\" value=\"\" tabindex=\"1\" data-required=\"1\">\n\t\t\t\t<\/div><\/fieldset>\n\t\t\t<fieldset class=\"vc_col-sm-6 wpb_column vc_column_container\"><label>Correu electr\u00f2nic<\/label>\n\t\t\t\t<div class=\"block\">\n\t\t\t\t\t<input class=\"text_input\" name=\"email\" type=\"text\" value=\"\" tabindex=\"6\" data-required=\"1\">\n\t\t\t\t<\/div><\/fieldset>\n\t\t<\/div><div class=\"vc_row wpb_row vc_inner\">\n\t\t\t<fieldset>\n\t\t\t\t<label>Missatge<\/label>\n\t\t\t\t<div class=\"block\">\n\t\t\t\t\t<textarea name=\"message\" tabindex=\"7\" data-required=\"1\"><\/textarea>\n\t\t\t\t<\/div>\n\t\t\t<\/fieldset>\n\t\t<\/div><div class=\"vc_row wpb_row vc_inner submit-container margin-top-30 row-with-recaptcha\"><div class=\"vc_col-sm-6 wpb_column vc_column_container\">\n\t\t\t\t<p>Contactarem amb vost\u00e8 el m\u00e9s aviat possible<\/p>\n\t\t\t<\/div>\n\t\t\t<div class=\"vc_col-sm-6 wpb_column vc_column_container column-with-recaptcha\"><input type=\"hidden\" name=\"action\" value=\"theme_contact_form\" \/>\n\t\t\t\t<input type=\"hidden\" name=\"id\" value=\"contact_form_xerrades\" \/><div class=\"terms-container block\">\n\t\t\t\t\t<input type=\"checkbox\" name=\"terms\" id=\"contact_form_xerradesterms\" value=\"1\"><label for=\"contact_form_xerradesterms\">He llegit, entenc i accepto la <a href=\" https:\/\/obacsalut.com\/pp\/\" target=\"_blank\">pol\u00edtica de privacitat<\/a> i <a href=\"https:\/\/obacsalut.com\/al\/\" target=\"_blank\">l\u2019av\u00eds legal<\/a>.<\/label>\n\t\t\t\t<\/div><div class=\"recaptcha-container\"><div class=\"vc_row wpb_row vc_inner button-with-recaptcha\">\n\t\t\t\t<input type=\"submit\" name=\"submit\" value=\"Enviar\" class=\"more mc-button\" \/>\n\t\t\t<\/div><div class=\"g-recaptcha-wrapper block\"><div class=\"g-recaptcha\" data-sitekey=\"6LdrnBcaAAAAAFS0jTBjjBUbqu16e5HR9swVTNrp\"><\/div><\/div><\/div><\/div><\/div>\n\t<\/form>[\/vc_column][\/vc_row]<\/p>\n","protected":false},"excerpt":{"rendered":"<p>[vc_row][vc_column][vc_row_inner][vc_column_inner width=\u00bb1\/4&#8243;][vc_single_image image=\u00bb5636&#8243; img_size=\u00bbfull\u00bb add_caption=\u00bbyes\u00bb css_animation=\u00bbfadeInUp\u00bb][\/vc_column_inner][vc_column_inner width=\u00bb3\/4&#8243;][vc_column_text]Nuestras sesiones combinan una presentaci\u00f3n detallada sobre temas relevantes de salud, seguida de un taller pr\u00e1ctico para aplicar los conceptos aprendidos. Esta experiencia integral os ofrece una visi\u00f3n completa y pr\u00e1ctica de los diversos aspectos relacionados con vuestra salud y bienestar.[\/vc_column_text][\/vc_column_inner][\/vc_row_inner][vc_row_inner][vc_column_inner][vc_column_text] Charlas gratuitas: [\/vc_column_text][\/vc_column_inner][\/vc_row_inner][\/vc_column][\/vc_row][vc_row][vc_column width=\u00bb1\/3&#8243;][vc_column_text css=\u00bb.vc_custom_1709890357494{border-radius: 2px !important;}\u00bb] Suelo<\/p>\n","protected":false},"author":2,"featured_media":0,"parent":0,"menu_order":28,"comment_status":"open","ping_status":"open","template":"","meta":{"_uag_custom_page_level_css":"","_uf_show_specific_survey":0,"_uf_disable_surveys":false,"footnotes":""},"yoast_head":"<!-- This site is optimized with the Yoast SEO plugin v22.2 - https:\/\/yoast.com\/wordpress\/plugins\/seo\/ -->\n<title>Charlas y talleres - Obac Salut - Fisioter\u00e0pia i Osteopatia a Terrassa<\/title>\n<meta name=\"description\" content=\"Participa en nuestras charlas y talleres presenciales sobre suelo p\u00e9lvico, incontinencias, ejercicio del transverso \u00a1y mucho m\u00e1s!\" \/>\n<meta name=\"robots\" content=\"index, follow, max-snippet:-1, max-image-preview:large, max-video-preview:-1\" \/>\n<link rel=\"canonical\" href=\"https:\/\/obacsalut.com\/es\/charlas-talleres\/\" \/>\n<meta property=\"og:locale\" content=\"es_ES\" \/>\n<meta property=\"og:type\" content=\"article\" \/>\n<meta property=\"og:title\" content=\"Charlas y talleres - Obac Salut - Fisioter\u00e0pia i Osteopatia a Terrassa\" \/>\n<meta property=\"og:description\" content=\"Participa en nuestras charlas y talleres presenciales sobre suelo p\u00e9lvico, incontinencias, ejercicio del transverso \u00a1y mucho m\u00e1s!\" \/>\n<meta property=\"og:url\" content=\"https:\/\/obacsalut.com\/es\/charlas-talleres\/\" \/>\n<meta property=\"og:site_name\" content=\"Obac Salut - Fisioter\u00e0pia i Osteopatia a Terrassa\" \/>\n<meta property=\"article:modified_time\" content=\"2024-03-08T09:52:32+00:00\" \/>\n<meta name=\"twitter:card\" content=\"summary_large_image\" \/>\n<meta name=\"twitter:label1\" content=\"Tiempo de lectura\" \/>\n\t<meta name=\"twitter:data1\" content=\"4 minutos\" \/>\n<script type=\"application\/ld+json\" class=\"yoast-schema-graph\">{\"@context\":\"https:\/\/schema.org\",\"@graph\":[{\"@type\":\"WebPage\",\"@id\":\"https:\/\/obacsalut.com\/es\/charlas-talleres\/\",\"url\":\"https:\/\/obacsalut.com\/es\/charlas-talleres\/\",\"name\":\"Charlas y talleres - Obac Salut - Fisioter\u00e0pia i Osteopatia a Terrassa\",\"isPartOf\":{\"@id\":\"https:\/\/obacsalut.com\/#website\"},\"datePublished\":\"2024-03-01T09:19:03+00:00\",\"dateModified\":\"2024-03-08T09:52:32+00:00\",\"description\":\"Participa en nuestras charlas y talleres presenciales sobre suelo p\u00e9lvico, incontinencias, ejercicio del transverso \u00a1y mucho m\u00e1s!\",\"breadcrumb\":{\"@id\":\"https:\/\/obacsalut.com\/es\/charlas-talleres\/#breadcrumb\"},\"inLanguage\":\"es\",\"potentialAction\":[{\"@type\":\"ReadAction\",\"target\":[\"https:\/\/obacsalut.com\/es\/charlas-talleres\/\"]}]},{\"@type\":\"BreadcrumbList\",\"@id\":\"https:\/\/obacsalut.com\/es\/charlas-talleres\/#breadcrumb\",\"itemListElement\":[{\"@type\":\"ListItem\",\"position\":1,\"name\":\"Portada\",\"item\":\"https:\/\/obacsalut.com\/es\/\"},{\"@type\":\"ListItem\",\"position\":2,\"name\":\"Charlas y talleres\"}]},{\"@type\":\"WebSite\",\"@id\":\"https:\/\/obacsalut.com\/#website\",\"url\":\"https:\/\/obacsalut.com\/\",\"name\":\"Obac Salut - Fisioter\u00e0pia i Osteopatia a Terrassa\",\"description\":\"Fisioter\u00e0pia i Osteopatia a Terrassa\",\"potentialAction\":[{\"@type\":\"SearchAction\",\"target\":{\"@type\":\"EntryPoint\",\"urlTemplate\":\"https:\/\/obacsalut.com\/?s={search_term_string}\"},\"query-input\":\"required name=search_term_string\"}],\"inLanguage\":\"es\"}]}<\/script>\n<!-- \/ Yoast SEO plugin. -->","yoast_head_json":{"title":"Charlas y talleres - Obac Salut - Fisioter\u00e0pia i Osteopatia a Terrassa","description":"Participa en nuestras charlas y talleres presenciales sobre suelo p\u00e9lvico, incontinencias, ejercicio del transverso \u00a1y mucho m\u00e1s!","robots":{"index":"index","follow":"follow","max-snippet":"max-snippet:-1","max-image-preview":"max-image-preview:large","max-video-preview":"max-video-preview:-1"},"canonical":"https:\/\/obacsalut.com\/es\/charlas-talleres\/","og_locale":"es_ES","og_type":"article","og_title":"Charlas y talleres - Obac Salut - Fisioter\u00e0pia i Osteopatia a Terrassa","og_description":"Participa en nuestras charlas y talleres presenciales sobre suelo p\u00e9lvico, incontinencias, ejercicio del transverso \u00a1y mucho m\u00e1s!","og_url":"https:\/\/obacsalut.com\/es\/charlas-talleres\/","og_site_name":"Obac Salut - Fisioter\u00e0pia i Osteopatia a Terrassa","article_modified_time":"2024-03-08T09:52:32+00:00","twitter_card":"summary_large_image","twitter_misc":{"Tiempo de lectura":"4 minutos"},"schema":{"@context":"https:\/\/schema.org","@graph":[{"@type":"WebPage","@id":"https:\/\/obacsalut.com\/es\/charlas-talleres\/","url":"https:\/\/obacsalut.com\/es\/charlas-talleres\/","name":"Charlas y talleres - Obac Salut - Fisioter\u00e0pia i Osteopatia a Terrassa","isPartOf":{"@id":"https:\/\/obacsalut.com\/#website"},"datePublished":"2024-03-01T09:19:03+00:00","dateModified":"2024-03-08T09:52:32+00:00","description":"Participa en nuestras charlas y talleres presenciales sobre suelo p\u00e9lvico, incontinencias, ejercicio del transverso \u00a1y mucho m\u00e1s!","breadcrumb":{"@id":"https:\/\/obacsalut.com\/es\/charlas-talleres\/#breadcrumb"},"inLanguage":"es","potentialAction":[{"@type":"ReadAction","target":["https:\/\/obacsalut.com\/es\/charlas-talleres\/"]}]},{"@type":"BreadcrumbList","@id":"https:\/\/obacsalut.com\/es\/charlas-talleres\/#breadcrumb","itemListElement":[{"@type":"ListItem","position":1,"name":"Portada","item":"https:\/\/obacsalut.com\/es\/"},{"@type":"ListItem","position":2,"name":"Charlas y talleres"}]},{"@type":"WebSite","@id":"https:\/\/obacsalut.com\/#website","url":"https:\/\/obacsalut.com\/","name":"Obac Salut - Fisioter\u00e0pia i Osteopatia a Terrassa","description":"Fisioter\u00e0pia i Osteopatia a Terrassa","potentialAction":[{"@type":"SearchAction","target":{"@type":"EntryPoint","urlTemplate":"https:\/\/obacsalut.com\/?s={search_term_string}"},"query-input":"required name=search_term_string"}],"inLanguage":"es"}]}},"uagb_featured_image_src":{"full":false,"thumbnail":false,"medium":false,"medium_large":false,"large":false,"1536x1536":false,"2048x2048":false,"large-thumb":false,"blog-post-thumb":false,"medicenter-gallery-image":false,"medium-thumb":false,"medicenter-gallery-thumb-type-1":false,"medicenter-gallery-thumb-type-2":false,"medicenter-vertical-image":false,"medicenter-small-thumb":false},"uagb_author_info":{"display_name":"Obac Salut","author_link":"https:\/\/obacsalut.com\/es\/author\/obac-salut\/"},"uagb_comment_info":0,"uagb_excerpt":"[vc_row][vc_column][vc_row_inner][vc_column_inner width=\u00bb1\/4&#8243;][vc_single_image image=\u00bb5636&#8243; img_size=\u00bbfull\u00bb add_caption=\u00bbyes\u00bb css_animation=\u00bbfadeInUp\u00bb][\/vc_column_inner][vc_column_inner width=\u00bb3\/4&#8243;][vc_column_text]Nuestras sesiones combinan una presentaci\u00f3n detallada sobre temas relevantes de salud, seguida de un taller pr\u00e1ctico para aplicar los conceptos aprendidos. Esta experiencia integral os ofrece una visi\u00f3n completa y pr\u00e1ctica de los diversos aspectos relacionados con vuestra salud y bienestar.[\/vc_column_text][\/vc_column_inner][\/vc_row_inner][vc_row_inner][vc_column_inner][vc_column_text] Charlas gratuitas: [\/vc_column_text][\/vc_column_inner][\/vc_row_inner][\/vc_column][\/vc_row][vc_row][vc_column width=\u00bb1\/3&#8243;][vc_column_text css=\u00bb.vc_custom_1709890357494{border-radius: 2px !important;}\u00bb] Suelo","_links":{"self":[{"href":"https:\/\/obacsalut.com\/es\/wp-json\/wp\/v2\/pages\/5707"}],"collection":[{"href":"https:\/\/obacsalut.com\/es\/wp-json\/wp\/v2\/pages"}],"about":[{"href":"https:\/\/obacsalut.com\/es\/wp-json\/wp\/v2\/types\/page"}],"author":[{"embeddable":true,"href":"https:\/\/obacsalut.com\/es\/wp-json\/wp\/v2\/users\/2"}],"replies":[{"embeddable":true,"href":"https:\/\/obacsalut.com\/es\/wp-json\/wp\/v2\/comments?post=5707"}],"version-history":[{"count":9,"href":"https:\/\/obacsalut.com\/es\/wp-json\/wp\/v2\/pages\/5707\/revisions"}],"predecessor-version":[{"id":5716,"href":"https:\/\/obacsalut.com\/es\/wp-json\/wp\/v2\/pages\/5707\/revisions\/5716"}],"wp:attachment":[{"href":"https:\/\/obacsalut.com\/es\/wp-json\/wp\/v2\/media?parent=5707"}],"curies":[{"name":"wp","href":"https:\/\/api.w.org\/{rel}","templated":true}]}}