{"id":5114,"date":"2022-06-27T10:15:21","date_gmt":"2022-06-27T10:15:21","guid":{"rendered":"https:\/\/obacsalut.com\/?page_id=5114"},"modified":"2025-04-24T12:15:05","modified_gmt":"2025-04-24T12:15:05","slug":"fisio-estetica","status":"publish","type":"page","link":"https:\/\/obacsalut.com\/es\/fisio-estetica\/","title":{"rendered":"Fisio-est\u00e8tica"},"content":{"rendered":"<p>[vc_row][vc_column]<h1 class=\"box-header large align-left\">FISIO EST\u00c8TICA<\/h1>[\/vc_column][\/vc_row][vc_row top_margin=\u00bbpage-margin-top\u00bb el_position=\u00bbfirst last\u00bb css=\u00bb.vc_custom_1607246495251{padding-bottom: 20px !important;background-color: #f0f0f0 !important;}\u00bb][vc_column width=\u00bb1\/3&#8243;][vc_single_image image=\u00bb4309&#8243; img_size=\u00bbfull\u00bb][vc_column_text el_class=\u00bbtitular_esp\u00bb]<\/p>\n<h2>Tratamientos faciales<\/h2>\n<p>[\/vc_column_text][vc_column_text el_class=\u00bbtext_esp\u00bb]<strong>\u00bfEn qu\u00e9 consiste?<\/strong><\/p>\n<p>Consiste en realizar t\u00e9cnicas manuales y aparatolog\u00eda m\u00e9dica avanzada en el rostro, cuello y escote. Para conseguir una mejora en el aspecto de nuestra piel.<\/p>\n<p><strong>\u00bfC\u00f3mo lo hacemos?<\/strong><\/p>\n<p>Para realizar este tratamiento en Obac Salud utilizamos el aparato de diatermia\/radiofrecuencia de la casa FisioWarm, y el dermapen. Si quieres saber m\u00e1s sobre sus beneficios haz clic aqu\u00ed &#8211;&gt;<\/p>\n<p><strong>Posibles patolog\u00edas:<\/strong><\/p>\n<p>El envejecimiento de la piel conlleva a una serie de consecuencias que provocan una falta de propiedades externas e internas:<\/p>\n<ul>\n<li>Arrugas<\/li>\n<li>L\u00edneas de expresi\u00f3n<\/li>\n<li>Bolsas en los ojos<\/li>\n<li>Hiperpigmentaci\u00f3n<\/li>\n<li>Flacidez<\/li>\n<li>Oval facial<\/li>\n<li>Papada<\/li>\n<\/ul>\n<p>[\/vc_column_text][\/vc_column][vc_column width=\u00bb1\/3&#8243;][vc_single_image image=\u00bb4341&#8243; img_size=\u00bbfull\u00bb][vc_column_text el_class=\u00bbtitular_esp\u00bb]<\/p>\n<h2>Tratamientos corporales<\/h2>\n<p>[\/vc_column_text][vc_column_text el_class=\u00bbtext_esp\u00bb]<strong>\u00bfEn qu\u00e9 consiste?<\/strong><\/p>\n<p>Consiste en realizar t\u00e9cnicas manuales y aparatolog\u00eda m\u00e9dica avanzada en el rostro, cuello y escote. Para conseguir una mejora en el aspecto de nuestra piel.<\/p>\n<p><strong>\u00bfC\u00f3mo lo hacemos?<\/strong><\/p>\n<p>Para realizar este tratamiento en Obac Salud utilizamos el aparato de diatermia\/radiofrecuencia de FisioWarm, y el dermapen. Si quieres saber m\u00e1s sobre sus beneficios haz clic aqu\u00ed &#8211;&gt;<\/p>\n<p>Adem\u00e1s de recomendaciones nutricionales y de ejercicio f\u00edsico para conseguir tus objetivos.<\/p>\n<p><strong>Tratamientos:<\/strong><\/p>\n<p>La metodolog\u00eda utilizada tiene como objetivo mejorar la salud de la piel para recuperar y activar los mecanismos fisiol\u00f3gicos que regulan su funcionamiento. Algunos de nuestros tratamientos son:<\/p>\n<ul>\n<li>Posparto<\/li>\n<li>Anticelul\u00edtico<\/li>\n<li>Drenaje linf\u00e1tico<\/li>\n<li>Diastasis abdominal<\/li>\n<li>Lipedema<\/li>\n<li>Reducci\u00f3n de estr\u00edas<\/li>\n<\/ul>\n<p>[\/vc_column_text][\/vc_column][vc_column width=\u00bb1\/3&#8243;][vc_single_image image=\u00bb5173&#8243; img_size=\u00bbfull\u00bb][vc_column_text el_class=\u00bbtitular_esp\u00bb]<\/p>\n<h2>Tratamientos postcirug\u00eda<\/h2>\n<p>[\/vc_column_text][vc_column_text el_class=\u00bbtext_esp\u00bb]<strong>\u00bfEn qu\u00e9 consiste?<\/strong><\/p>\n<p>Consiste en realizar t\u00e9cnicas manuales y aparatolog\u00eda m\u00e9dica avanzada en la zona a tratar.<\/p>\n<p><strong>\u00bfC\u00f3mo lo hacemos?\u00a0<\/strong><\/p>\n<ul>\n<li>Diatermia<\/li>\n<li>Estiramientos suaves<\/li>\n<li>Cosmetolog\u00eda para hidratar y f\u00e1rmacos para hematomas<\/li>\n<li>Medidas de contenci\u00f3n<\/li>\n<li>Masoterapia venosa<\/li>\n<li>Kinesiterapia<\/li>\n<\/ul>\n<p><strong>Posibles patolog\u00edas:<\/strong><\/p>\n<p>Cada caso necesitar\u00e1 una pauta espec\u00edfica, por eso en\u00a0<span class=\"hiddenSpellError\">Obac<\/span>\u00a0<span class=\"hiddenSpellError\">Salut<\/span>\u00a0hacemos un tratamiento personalizado para cada paciente.<\/p>\n<ul>\n<li>Cicatrices<\/li>\n<li>Rinoplastias<br \/>\nLiposucciones<\/li>\n<li>Reabsorci\u00f3n de hematomas<\/li>\n<li>Implantes maxilares<\/li>\n<li>Procesos oncol\u00f3gicos<\/li>\n<li>Reducci\u00f3n\/aumento mamario<\/li>\n<\/ul>\n<p>[\/vc_column_text][\/vc_column][\/vc_row]<\/p>\n","protected":false},"excerpt":{"rendered":"<p>[vc_row][vc_column][\/vc_column][\/vc_row][vc_row top_margin=\u00bbpage-margin-top\u00bb el_position=\u00bbfirst last\u00bb css=\u00bb.vc_custom_1607246495251{padding-bottom: 20px !important;background-color: #f0f0f0 !important;}\u00bb][vc_column width=\u00bb1\/3&#8243;][vc_single_image image=\u00bb4309&#8243; img_size=\u00bbfull\u00bb][vc_column_text el_class=\u00bbtitular_esp\u00bb] Tratamientos faciales [\/vc_column_text][vc_column_text el_class=\u00bbtext_esp\u00bb]\u00bfEn qu\u00e9 consiste? Consiste en realizar t\u00e9cnicas manuales y aparatolog\u00eda m\u00e9dica avanzada en el rostro, cuello y escote. Para conseguir una mejora en el aspecto de nuestra piel. \u00bfC\u00f3mo lo hacemos? Para realizar este tratamiento en Obac Salud utilizamos<\/p>\n","protected":false},"author":2,"featured_media":0,"parent":0,"menu_order":1,"comment_status":"open","ping_status":"open","template":"","meta":{"_uag_custom_page_level_css":"","_uf_show_specific_survey":0,"_uf_disable_surveys":false,"footnotes":""},"yoast_head":"<!-- This site is optimized with the Yoast SEO plugin v22.2 - https:\/\/yoast.com\/wordpress\/plugins\/seo\/ -->\n<title>Fisio-est\u00e8tica - Obac Salut - Fisioter\u00e0pia i Osteopatia a Terrassa<\/title>\n<meta name=\"description\" content=\"Coneix les nostres especialitats. Medicina General, Acupuntura, Nutrici\u00f3 i Sexolog\u00eda.\" \/>\n<meta name=\"robots\" content=\"index, follow, max-snippet:-1, max-image-preview:large, max-video-preview:-1\" \/>\n<link rel=\"canonical\" href=\"https:\/\/obacsalut.com\/es\/fisio-estetica\/\" \/>\n<meta property=\"og:locale\" content=\"es_ES\" \/>\n<meta property=\"og:type\" content=\"article\" \/>\n<meta property=\"og:title\" content=\"Fisio-est\u00e8tica - Obac Salut - Fisioter\u00e0pia i Osteopatia a Terrassa\" \/>\n<meta property=\"og:description\" content=\"Coneix les nostres especialitats. Medicina General, Acupuntura, Nutrici\u00f3 i Sexolog\u00eda.\" \/>\n<meta property=\"og:url\" content=\"https:\/\/obacsalut.com\/es\/fisio-estetica\/\" \/>\n<meta property=\"og:site_name\" content=\"Obac Salut - Fisioter\u00e0pia i Osteopatia a Terrassa\" \/>\n<meta property=\"article:modified_time\" content=\"2025-04-24T12:15:05+00:00\" \/>\n<meta name=\"twitter:card\" content=\"summary_large_image\" \/>\n<meta name=\"twitter:label1\" content=\"Tiempo de lectura\" \/>\n\t<meta name=\"twitter:data1\" content=\"3 minutos\" \/>\n<script type=\"application\/ld+json\" class=\"yoast-schema-graph\">{\"@context\":\"https:\/\/schema.org\",\"@graph\":[{\"@type\":\"WebPage\",\"@id\":\"https:\/\/obacsalut.com\/es\/fisio-estetica\/\",\"url\":\"https:\/\/obacsalut.com\/es\/fisio-estetica\/\",\"name\":\"Fisio-est\u00e8tica - Obac Salut - Fisioter\u00e0pia i Osteopatia a Terrassa\",\"isPartOf\":{\"@id\":\"https:\/\/obacsalut.com\/#website\"},\"datePublished\":\"2022-06-27T10:15:21+00:00\",\"dateModified\":\"2025-04-24T12:15:05+00:00\",\"description\":\"Coneix les nostres especialitats. Medicina General, Acupuntura, Nutrici\u00f3 i Sexolog\u00eda.\",\"breadcrumb\":{\"@id\":\"https:\/\/obacsalut.com\/es\/fisio-estetica\/#breadcrumb\"},\"inLanguage\":\"es\",\"potentialAction\":[{\"@type\":\"ReadAction\",\"target\":[\"https:\/\/obacsalut.com\/es\/fisio-estetica\/\"]}]},{\"@type\":\"BreadcrumbList\",\"@id\":\"https:\/\/obacsalut.com\/es\/fisio-estetica\/#breadcrumb\",\"itemListElement\":[{\"@type\":\"ListItem\",\"position\":1,\"name\":\"Portada\",\"item\":\"https:\/\/obacsalut.com\/es\/\"},{\"@type\":\"ListItem\",\"position\":2,\"name\":\"Fisio-est\u00e8tica\"}]},{\"@type\":\"WebSite\",\"@id\":\"https:\/\/obacsalut.com\/#website\",\"url\":\"https:\/\/obacsalut.com\/\",\"name\":\"Obac Salut - Fisioter\u00e0pia i Osteopatia a Terrassa\",\"description\":\"Fisioter\u00e0pia i Osteopatia a Terrassa\",\"potentialAction\":[{\"@type\":\"SearchAction\",\"target\":{\"@type\":\"EntryPoint\",\"urlTemplate\":\"https:\/\/obacsalut.com\/?s={search_term_string}\"},\"query-input\":\"required name=search_term_string\"}],\"inLanguage\":\"es\"}]}<\/script>\n<!-- \/ Yoast SEO plugin. -->","yoast_head_json":{"title":"Fisio-est\u00e8tica - Obac Salut - Fisioter\u00e0pia i Osteopatia a Terrassa","description":"Coneix les nostres especialitats. Medicina General, Acupuntura, Nutrici\u00f3 i Sexolog\u00eda.","robots":{"index":"index","follow":"follow","max-snippet":"max-snippet:-1","max-image-preview":"max-image-preview:large","max-video-preview":"max-video-preview:-1"},"canonical":"https:\/\/obacsalut.com\/es\/fisio-estetica\/","og_locale":"es_ES","og_type":"article","og_title":"Fisio-est\u00e8tica - Obac Salut - Fisioter\u00e0pia i Osteopatia a Terrassa","og_description":"Coneix les nostres especialitats. Medicina General, Acupuntura, Nutrici\u00f3 i Sexolog\u00eda.","og_url":"https:\/\/obacsalut.com\/es\/fisio-estetica\/","og_site_name":"Obac Salut - Fisioter\u00e0pia i Osteopatia a Terrassa","article_modified_time":"2025-04-24T12:15:05+00:00","twitter_card":"summary_large_image","twitter_misc":{"Tiempo de lectura":"3 minutos"},"schema":{"@context":"https:\/\/schema.org","@graph":[{"@type":"WebPage","@id":"https:\/\/obacsalut.com\/es\/fisio-estetica\/","url":"https:\/\/obacsalut.com\/es\/fisio-estetica\/","name":"Fisio-est\u00e8tica - Obac Salut - Fisioter\u00e0pia i Osteopatia a Terrassa","isPartOf":{"@id":"https:\/\/obacsalut.com\/#website"},"datePublished":"2022-06-27T10:15:21+00:00","dateModified":"2025-04-24T12:15:05+00:00","description":"Coneix les nostres especialitats. Medicina General, Acupuntura, Nutrici\u00f3 i Sexolog\u00eda.","breadcrumb":{"@id":"https:\/\/obacsalut.com\/es\/fisio-estetica\/#breadcrumb"},"inLanguage":"es","potentialAction":[{"@type":"ReadAction","target":["https:\/\/obacsalut.com\/es\/fisio-estetica\/"]}]},{"@type":"BreadcrumbList","@id":"https:\/\/obacsalut.com\/es\/fisio-estetica\/#breadcrumb","itemListElement":[{"@type":"ListItem","position":1,"name":"Portada","item":"https:\/\/obacsalut.com\/es\/"},{"@type":"ListItem","position":2,"name":"Fisio-est\u00e8tica"}]},{"@type":"WebSite","@id":"https:\/\/obacsalut.com\/#website","url":"https:\/\/obacsalut.com\/","name":"Obac Salut - Fisioter\u00e0pia i Osteopatia a Terrassa","description":"Fisioter\u00e0pia i Osteopatia a Terrassa","potentialAction":[{"@type":"SearchAction","target":{"@type":"EntryPoint","urlTemplate":"https:\/\/obacsalut.com\/?s={search_term_string}"},"query-input":"required name=search_term_string"}],"inLanguage":"es"}]}},"uagb_featured_image_src":{"full":false,"thumbnail":false,"medium":false,"medium_large":false,"large":false,"1536x1536":false,"2048x2048":false,"large-thumb":false,"blog-post-thumb":false,"medicenter-gallery-image":false,"medium-thumb":false,"medicenter-gallery-thumb-type-1":false,"medicenter-gallery-thumb-type-2":false,"medicenter-vertical-image":false,"medicenter-small-thumb":false},"uagb_author_info":{"display_name":"Obac Salut","author_link":"https:\/\/obacsalut.com\/es\/author\/obac-salut\/"},"uagb_comment_info":0,"uagb_excerpt":"[vc_row][vc_column][\/vc_column][\/vc_row][vc_row top_margin=\u00bbpage-margin-top\u00bb el_position=\u00bbfirst last\u00bb css=\u00bb.vc_custom_1607246495251{padding-bottom: 20px !important;background-color: #f0f0f0 !important;}\u00bb][vc_column width=\u00bb1\/3&#8243;][vc_single_image image=\u00bb4309&#8243; img_size=\u00bbfull\u00bb][vc_column_text el_class=\u00bbtitular_esp\u00bb] Tratamientos faciales [\/vc_column_text][vc_column_text el_class=\u00bbtext_esp\u00bb]\u00bfEn qu\u00e9 consiste? Consiste en realizar t\u00e9cnicas manuales y aparatolog\u00eda m\u00e9dica avanzada en el rostro, cuello y escote. Para conseguir una mejora en el aspecto de nuestra piel. \u00bfC\u00f3mo lo hacemos? Para realizar este tratamiento en Obac Salud utilizamos","_links":{"self":[{"href":"https:\/\/obacsalut.com\/es\/wp-json\/wp\/v2\/pages\/5114"}],"collection":[{"href":"https:\/\/obacsalut.com\/es\/wp-json\/wp\/v2\/pages"}],"about":[{"href":"https:\/\/obacsalut.com\/es\/wp-json\/wp\/v2\/types\/page"}],"author":[{"embeddable":true,"href":"https:\/\/obacsalut.com\/es\/wp-json\/wp\/v2\/users\/2"}],"replies":[{"embeddable":true,"href":"https:\/\/obacsalut.com\/es\/wp-json\/wp\/v2\/comments?post=5114"}],"version-history":[{"count":12,"href":"https:\/\/obacsalut.com\/es\/wp-json\/wp\/v2\/pages\/5114\/revisions"}],"predecessor-version":[{"id":6146,"href":"https:\/\/obacsalut.com\/es\/wp-json\/wp\/v2\/pages\/5114\/revisions\/6146"}],"wp:attachment":[{"href":"https:\/\/obacsalut.com\/es\/wp-json\/wp\/v2\/media?parent=5114"}],"curies":[{"name":"wp","href":"https:\/\/api.w.org\/{rel}","templated":true}]}}