{"id":4693,"date":"2020-12-05T19:05:49","date_gmt":"2020-12-05T19:05:49","guid":{"rendered":"https:\/\/obacsalut.com\/obac\/osteopatia-terrassa\/"},"modified":"2025-04-25T06:31:35","modified_gmt":"2025-04-25T06:31:35","slug":"osteopatia-terrassa","status":"publish","type":"page","link":"https:\/\/obacsalut.com\/es\/osteopatia-terrassa\/","title":{"rendered":"Osteopat\u00eda"},"content":{"rendered":"<p>[vc_row][vc_column]<h1 class=\"box-header large align-left\">OSTEOPAT\u00cdA<\/h1>[vc_column_text css=\u00bb.vc_custom_1745562689960{margin-top: 10px !important;}\u00bb]Tratamientos de osteopat\u00eda<strong data-start=\"80\" data-end=\"161\"> para adultos, deportistas, mujeres, beb\u00e9s y ni\u00f1os. <\/strong>Te ayudamos a aliviar el dolor y a volver a sentirte bien.[\/vc_column_text][\/vc_column][\/vc_row][vc_row top_margin=\u00bbpage-margin-top\u00bb el_position=\u00bbfirst last\u00bb css=\u00bb.vc_custom_1607242109901{padding-bottom: 20px !important;background-color: #f0f0f0 !important;}\u00bb][vc_column width=\u00bb1\/3&#8243;][vc_single_image image=\u00bb4261&#8243; img_size=\u00bbfull\u00bb][vc_column_text el_class=\u00bbtitular_esp\u00bb]<\/p>\n<h2>Osteopat\u00eda columna vertebral<\/h2>\n<p>[\/vc_column_text][vc_column_text el_class=\u00bbtext_esp\u00bb]Tratamiento de dolor y patolog\u00edas que afectan la columna vertebral: dolor lumbar, dolor cervical, ci\u00e1ticas, latigazos cervicales, pinzamientos, artrosis, etc.[\/vc_column_text][\/vc_column][vc_column width=\u00bb1\/3&#8243;][vc_single_image image=\u00bb4296&#8243; img_size=\u00bbfull\u00bb][vc_column_text el_class=\u00bbtitular_esp\u00bb]<\/p>\n<h2>Osteopat\u00eda neuro-m\u00fasculo-esquel\u00e9tica<\/h2>\n<p>[\/vc_column_text][vc_column_text el_class=\u00bbtext_esp\u00bb]Afecciones y patolog\u00eda del aparato locomotor: tendinopatias, esguinces, epicondilitis, dolores articulares, musculares, etc.[\/vc_column_text][\/vc_column][vc_column width=\u00bb1\/3&#8243;][vc_single_image image=\u00bb4294&#8243; img_size=\u00bbfull\u00bb][vc_column_text el_class=\u00bbtitular_esp\u00bb]<\/p>\n<h2>Osteopat\u00eda deportiva<\/h2>\n<p>[\/vc_column_text][vc_column_text el_class=\u00bbtext_esp\u00bb]Especialistas en lesiones deportivas, con el fin de mejorar de forma global la funcionalidad del organismo para un mayor rendimiento deportivo.<br \/>\nEsguinces, tendinopatias, alteraciones en la mec\u00e1nica corporal, pinzamientos, dolores articulares, etc.[\/vc_column_text][\/vc_column][\/vc_row][vc_row top_margin=\u00bbpage-margin-top\u00bb el_position=\u00bbfirst last\u00bb css=\u00bb.vc_custom_1607242133279{padding-bottom: 20px !important;background-color: #f0f0f0 !important;}\u00bb][vc_column width=\u00bb1\/3&#8243;][vc_single_image image=\u00bb4257&#8243; img_size=\u00bbfull\u00bb][vc_column_text el_class=\u00bbtitular_esp\u00bb]<\/p>\n<h2>Osteopat\u00eda pedi\u00e1trica<\/h2>\n<p>[\/vc_column_text][vc_column_text el_class=\u00bbtext_esp\u00bb]Tratamientos para los m\u00e1s peque\u00f1os:<br \/>\nC\u00f3licos del lactante, disfunciones en la lactancia\/succi\u00f3n, reflujo, estre\u00f1imiento, alteraciones craneales derivadas del uso de f\u00f3rceps, ventosas o partos instrumentados, tort\u00edcolis cong\u00e9nitas, trastornos del sue\u00f1o, ciertos casos de hiperactividad o irritabilidad, bronquitis y otitis de repetici\u00f3n, alteraciones posturales, alteraciones en la marcha, etc.[\/vc_column_text][\/vc_column][vc_column width=\u00bb1\/3&#8243;][vc_single_image image=\u00bb4295&#8243; img_size=\u00bbfull\u00bb][vc_column_text el_class=\u00bbtitular_esp\u00bb]<\/p>\n<h2>Osteopat\u00eda uro-ginecol\u00f3gica<\/h2>\n<p>[\/vc_column_text][vc_column_text el_class=\u00bbtext_esp\u00bb]Valoraci\u00f3n y tratamiento del aparato uro-genital: incontinencias (urinarias, fecales o de gases), prolapsos, tratamiento de cicatrices dolorosas como episiotom\u00edas o ces\u00e1reas, dolores menstruales y alteraciones del ciclo menstrual, dispar\u00e9unia (dolor a las relaciones sexuales), cistitis de repetici\u00f3n, neuralgia del nervio pudendo, dolor pelviano, etc.<\/p>\n<p><span style=\"font-weight: bold;\">M\u00e1s informaci\u00f3n a \u279d <a style=\"color: #d63384; font-weight: bold;\" href=\"https:\/\/obacsalut.com\/es\/unidad-integral-mujer-terrassa\/\">Unidad Integral de la Mujer.<\/a><\/span>[\/vc_column_text][\/vc_column][vc_column width=\u00bb1\/3&#8243;][vc_single_image image=\u00bb4256&#8243; img_size=\u00bbfull\u00bb][vc_column_text el_class=\u00bbtitular_esp\u00bb]<\/p>\n<h2>Osteopat\u00eda obst\u00e9trica<\/h2>\n<p>[\/vc_column_text][vc_column_text el_class=\u00bbtext_esp\u00bb]Seguimiento del embarazo para adaptar los cambios f\u00edsicos y posturales que se acontecen en el cuerpo de la mujer.<br \/>\nTratamiento de las afecciones m\u00e1s comunes durante el embarazo: lumbalgia, ci\u00e1tica, dolor inguinal, dolor p\u00fabico, dolor al c\u00f3ccix, etc.<br \/>\nPrevenci\u00f3n en las lesiones del perin\u00e9 y su rehabilitaci\u00f3n en el posparto.<br \/>\nPreparaci\u00f3n al parto.<\/p>\n<p><span style=\"font-weight: bold;\">M\u00e1s informaci\u00f3n a \u279d <a style=\"color: #d63384; font-weight: bold;\" href=\"https:\/\/obacsalut.com\/es\/unidad-integral-mujer-terrassa\/\">Unidad Integral de la Mujer.<\/a><\/span>[\/vc_column_text][\/vc_column][\/vc_row][vc_row top_margin=\u00bbpage-margin-top\u00bb el_position=\u00bbfirst last\u00bb css=\u00bb.vc_custom_1607242141249{padding-bottom: 20px !important;background-color: #f0f0f0 !important;}\u00bb][vc_column width=\u00bb1\/3&#8243;][vc_single_image image=\u00bb4265&#8243; img_size=\u00bbfull\u00bb][vc_column_text el_class=\u00bbtitular_esp\u00bb]<\/p>\n<h2>Osteopat\u00eda Estructural<\/h2>\n<p>[\/vc_column_text][vc_column_text el_class=\u00bbtext_esp\u00bb]Terapia manual manipulativa enfocada al abordaje del aparato m\u00fasculo-esquel\u00e9tico para liberar la movilidad y la elasticidad articular.[\/vc_column_text][\/vc_column][vc_column width=\u00bb1\/3&#8243;][vc_single_image image=\u00bb4254&#8243; img_size=\u00bbfull\u00bb][vc_column_text el_class=\u00bbtitular_esp\u00bb]<\/p>\n<h2>Osteopat\u00eda visceral<\/h2>\n<p>[\/vc_column_text][vc_column_text el_class=\u00bbtext_esp\u00bb]Tratamiento manual del sistema visceral: distensi\u00f3n abdominal, estre\u00f1imiento, diarreas, tratamiento sintom\u00e1tico de hernias de hiato, reflujo gastro-esof\u00e1gico, espasmos abdominales, adherencias postquir\u00fargicas, cicatrices abdominales, etc.[\/vc_column_text][\/vc_column][vc_column width=\u00bb1\/3&#8243;][vc_single_image image=\u00bb4297&#8243; img_size=\u00bbfull\u00bb][vc_column_text el_class=\u00bbtitular_esp\u00bb]<\/p>\n<h2>Osteopat\u00eda craneal<\/h2>\n<p>[\/vc_column_text][vc_column_text el_class=\u00bbtext_esp\u00bb]Abordaje muy sutil utilizado en osteopat\u00eda, con t\u00e9cnicas manuales sobre el cr\u00e1neo, y que sigue todos los principios osteop\u00e1ticos, con un abordaje en todo el cuerpo y no solo en la cabeza.[\/vc_column_text][\/vc_column][\/vc_row][vc_row][vc_column][vc_cta h2=\u00bb\u00bb txt_align=\u00bbcenter\u00bb add_button=\u00bbbottom\u00bb btn_title=\u00bbPIDE TU VALORACI\u00d3N\u00bb btn_style=\u00bbflat\u00bb btn_shape=\u00bbsquare\u00bb btn_color=\u00bbinfo\u00bb btn_align=\u00bbcenter\u00bb btn_link=\u00bburl:https%3A%2F%2Fobacsalut.com%2Fes%2Freserva-tu-visita%2F\u00bb]<\/p>\n<h2 style=\"text-align: center;\">TRATAMIENTOS DE OSTEOPAT\u00cdA EN TERRASSA<\/h2>\n<p style=\"text-align: center;\">Redescubre el equilibrio de tu cuerpo con sesiones de osteopat\u00eda personalizadas.<\/p>\n<p style=\"text-align: center;\">Abordamos el origen de tus molestias para ayudarte a recuperar movilidad, aliviar el dolor y mejorar tu bienestar de forma natural.<\/p>\n<p>[\/vc_cta][\/vc_column][\/vc_row][vc_row top_margin=\u00bbpage-margin-top\u00bb el_position=\u00bbfirst last\u00bb css=\u00bb.vc_custom_1607242149213{padding-bottom: 20px !important;background-color: #f0f0f0 !important;}\u00bb][vc_column width=\u00bb1\/3&#8243;][vc_single_image image=\u00bb4298&#8243; img_size=\u00bbfull\u00bb][vc_column_text el_class=\u00bbtitular_esp\u00bb]<\/p>\n<h2>Osteopat\u00eda orofacial y mandibular<\/h2>\n<p>[\/vc_column_text][vc_column_text el_class=\u00bbtext_esp\u00bb]Disfunciones ATM, dolor a la articulaci\u00f3n t\u00e9mporo-mandibular, dolor muscular por bruxismo, control en la aplicaci\u00f3n de ortodoncias, disfagias, etc.[\/vc_column_text][\/vc_column][vc_column width=\u00bb1\/3&#8243;][vc_single_image image=\u00bb4300&#8243; img_size=\u00bbfull\u00bb][vc_column_text el_class=\u00bbtitular_esp\u00bb]<\/p>\n<h2>Punci\u00f3n seca<\/h2>\n<p>[\/vc_column_text][vc_column_text el_class=\u00bbtext_esp\u00bb]T\u00e9cnica seminvasiva que utiliza agujas de acupuntura para el tratamiento del s\u00edndrome de dolor miofascial. Con la aguja entramos directamente al m\u00fasculo para actuar sobre el punto gatillo y desactivarlo para disminuir el dolor que este produce. Los puntos gatillo o \u00abtrigger points\u00bb son zonas del m\u00fasculo muy sensibles a la palpaci\u00f3n que se quedan de manera permanente contra\u00eddas, generando contracturas. La punci\u00f3n seca es muy buena t\u00e9cnica para tratarlo, ideal para tendinopatias, fascitis\/fasciosis, fibrosis, contracturas resistentes, dolores musculares, etc.[\/vc_column_text][\/vc_column][vc_column width=\u00bb1\/3&#8243;][vc_single_image image=\u00bb4301&#8243; img_size=\u00bbfull\u00bb][vc_column_text el_class=\u00bbtitular_esp\u00bb]<\/p>\n<h2>Punci\u00f3n ecoguiada<\/h2>\n<p>[\/vc_column_text][vc_column_text el_class=\u00bbtext_esp\u00bb]La punci\u00f3n ecoguiada es un excelente procedimiento como t\u00e9cnica invasiva sobre el sistema m\u00fasculo-esquel\u00e9tico, puesto que permite una mejor localizaci\u00f3n sobre el tejido diana. Permite una intervenci\u00f3n mucho m\u00e1s precisa en la recuperaci\u00f3n de lesiones como la fasciosis, tendinosis o fibrosis, despu\u00e9s de una ruptura muscular.[\/vc_column_text][\/vc_column][vc_column][\/vc_column][\/vc_row][vc_row top_margin=\u00bbpage-margin-top\u00bb el_position=\u00bbfirst last\u00bb css=\u00bb.vc_custom_1607242149213{padding-bottom: 20px !important;background-color: #f0f0f0 !important;}\u00bb][vc_column width=\u00bb1\/3&#8243;][vc_single_image image=\u00bb4305&#8243; img_size=\u00bbfull\u00bb][vc_column_text el_class=\u00bbtitular_esp\u00bb]<\/p>\n<h2>Ecograf\u00eda transperineal y abdominal<\/h2>\n<p>[\/vc_column_text][vc_column_text el_class=\u00bbtext_esp\u00bb]La ecograf\u00eda transperineal se realiza colocando un transductor o sonda ecogr\u00e1fica en el perin\u00e9 (\u00e1rea entre la vagina y el ano). Nos permite visualizar la vejiga, la uretra (conducto de la orina), la vagina, el cuello uterino, el \u00fatero, el perin\u00e9, el canal anal y los m\u00fasculos del suelo p\u00e9lvico.<\/p>\n<p>La ecograf\u00eda abdominal se utiliza para valorar la funcionalidad de la musculatura abdominal superficial y profunda, as\u00ed como tambi\u00e9n podemos valorar y medir si hay presencia de diastasis abdominal y realizar su medici\u00f3n.[\/vc_column_text][\/vc_column][vc_column width=\u00bb1\/3&#8243;][vc_single_image image=\u00bb4303&#8243; img_size=\u00bbfull\u00bb][vc_column_text el_class=\u00bbtitular_esp\u00bb]<\/p>\n<h2>Y mucho m\u00e1s&#8230;<\/h2>\n<p>[\/vc_column_text][vc_column_text el_class=\u00bbtext_esp\u00bb]Migra\u00f1as, cefaleas, estr\u00e9s, cansancio generalizado, dolor cr\u00f3nico, insomnio\u2026[\/vc_column_text][\/vc_column][vc_column width=\u00bb1\/3&#8243;][\/vc_column][\/vc_row][vc_row][vc_column][\/vc_column][\/vc_row]<\/p>\n","protected":false},"excerpt":{"rendered":"<p>[vc_row][vc_column][vc_column_text css=\u00bb.vc_custom_1745562689960{margin-top: 10px !important;}\u00bb]Tratamientos de osteopat\u00eda para adultos, deportistas, mujeres, beb\u00e9s y ni\u00f1os. Te ayudamos a aliviar el dolor y a volver a sentirte bien.[\/vc_column_text][\/vc_column][\/vc_row][vc_row top_margin=\u00bbpage-margin-top\u00bb el_position=\u00bbfirst last\u00bb css=\u00bb.vc_custom_1607242109901{padding-bottom: 20px !important;background-color: #f0f0f0 !important;}\u00bb][vc_column width=\u00bb1\/3&#8243;][vc_single_image image=\u00bb4261&#8243; img_size=\u00bbfull\u00bb][vc_column_text el_class=\u00bbtitular_esp\u00bb] Osteopat\u00eda columna vertebral [\/vc_column_text][vc_column_text el_class=\u00bbtext_esp\u00bb]Tratamiento de dolor y patolog\u00edas que afectan la columna vertebral: dolor lumbar, dolor cervical,<\/p>\n","protected":false},"author":1,"featured_media":0,"parent":0,"menu_order":7,"comment_status":"open","ping_status":"open","template":"","meta":{"_uag_custom_page_level_css":"","_uf_show_specific_survey":0,"_uf_disable_surveys":false,"footnotes":""},"yoast_head":"<!-- This site is optimized with the Yoast SEO plugin v22.2 - https:\/\/yoast.com\/wordpress\/plugins\/seo\/ -->\n<title>Osteopat\u00eda - Obac Salut - Fisioter\u00e0pia i Osteopatia a Terrassa<\/title>\n<meta name=\"description\" content=\"Descubre c\u00f3mo nuestra osteopat\u00eda puede ayudarte a mejorar tu rendimiento deportivo, aliviar dolores musculares y prevenir lesiones.\" \/>\n<meta name=\"robots\" content=\"index, follow, max-snippet:-1, max-image-preview:large, max-video-preview:-1\" \/>\n<link rel=\"canonical\" href=\"https:\/\/obacsalut.com\/es\/osteopatia-terrassa\/\" \/>\n<meta property=\"og:locale\" content=\"es_ES\" \/>\n<meta property=\"og:type\" content=\"article\" \/>\n<meta property=\"og:title\" content=\"Osteopat\u00eda - Obac Salut - Fisioter\u00e0pia i Osteopatia a Terrassa\" \/>\n<meta property=\"og:description\" content=\"Descubre c\u00f3mo nuestra osteopat\u00eda puede ayudarte a mejorar tu rendimiento deportivo, aliviar dolores musculares y prevenir lesiones.\" \/>\n<meta property=\"og:url\" content=\"https:\/\/obacsalut.com\/es\/osteopatia-terrassa\/\" \/>\n<meta property=\"og:site_name\" content=\"Obac Salut - Fisioter\u00e0pia i Osteopatia a Terrassa\" \/>\n<meta property=\"article:modified_time\" content=\"2025-04-25T06:31:35+00:00\" \/>\n<meta name=\"twitter:card\" content=\"summary_large_image\" \/>\n<meta name=\"twitter:label1\" content=\"Tiempo de lectura\" \/>\n\t<meta name=\"twitter:data1\" content=\"5 minutos\" \/>\n<script type=\"application\/ld+json\" class=\"yoast-schema-graph\">{\"@context\":\"https:\/\/schema.org\",\"@graph\":[{\"@type\":\"WebPage\",\"@id\":\"https:\/\/obacsalut.com\/es\/osteopatia-terrassa\/\",\"url\":\"https:\/\/obacsalut.com\/es\/osteopatia-terrassa\/\",\"name\":\"Osteopat\u00eda - Obac Salut - Fisioter\u00e0pia i Osteopatia a Terrassa\",\"isPartOf\":{\"@id\":\"https:\/\/obacsalut.com\/#website\"},\"datePublished\":\"2020-12-05T19:05:49+00:00\",\"dateModified\":\"2025-04-25T06:31:35+00:00\",\"description\":\"Descubre c\u00f3mo nuestra osteopat\u00eda puede ayudarte a mejorar tu rendimiento deportivo, aliviar dolores musculares y prevenir lesiones.\",\"breadcrumb\":{\"@id\":\"https:\/\/obacsalut.com\/es\/osteopatia-terrassa\/#breadcrumb\"},\"inLanguage\":\"es\",\"potentialAction\":[{\"@type\":\"ReadAction\",\"target\":[\"https:\/\/obacsalut.com\/es\/osteopatia-terrassa\/\"]}]},{\"@type\":\"BreadcrumbList\",\"@id\":\"https:\/\/obacsalut.com\/es\/osteopatia-terrassa\/#breadcrumb\",\"itemListElement\":[{\"@type\":\"ListItem\",\"position\":1,\"name\":\"Portada\",\"item\":\"https:\/\/obacsalut.com\/es\/\"},{\"@type\":\"ListItem\",\"position\":2,\"name\":\"Osteopat\u00eda\"}]},{\"@type\":\"WebSite\",\"@id\":\"https:\/\/obacsalut.com\/#website\",\"url\":\"https:\/\/obacsalut.com\/\",\"name\":\"Obac Salut - Fisioter\u00e0pia i Osteopatia a Terrassa\",\"description\":\"Fisioter\u00e0pia i Osteopatia a Terrassa\",\"potentialAction\":[{\"@type\":\"SearchAction\",\"target\":{\"@type\":\"EntryPoint\",\"urlTemplate\":\"https:\/\/obacsalut.com\/?s={search_term_string}\"},\"query-input\":\"required name=search_term_string\"}],\"inLanguage\":\"es\"}]}<\/script>\n<!-- \/ Yoast SEO plugin. -->","yoast_head_json":{"title":"Osteopat\u00eda - Obac Salut - Fisioter\u00e0pia i Osteopatia a Terrassa","description":"Descubre c\u00f3mo nuestra osteopat\u00eda puede ayudarte a mejorar tu rendimiento deportivo, aliviar dolores musculares y prevenir lesiones.","robots":{"index":"index","follow":"follow","max-snippet":"max-snippet:-1","max-image-preview":"max-image-preview:large","max-video-preview":"max-video-preview:-1"},"canonical":"https:\/\/obacsalut.com\/es\/osteopatia-terrassa\/","og_locale":"es_ES","og_type":"article","og_title":"Osteopat\u00eda - Obac Salut - Fisioter\u00e0pia i Osteopatia a Terrassa","og_description":"Descubre c\u00f3mo nuestra osteopat\u00eda puede ayudarte a mejorar tu rendimiento deportivo, aliviar dolores musculares y prevenir lesiones.","og_url":"https:\/\/obacsalut.com\/es\/osteopatia-terrassa\/","og_site_name":"Obac Salut - Fisioter\u00e0pia i Osteopatia a Terrassa","article_modified_time":"2025-04-25T06:31:35+00:00","twitter_card":"summary_large_image","twitter_misc":{"Tiempo de lectura":"5 minutos"},"schema":{"@context":"https:\/\/schema.org","@graph":[{"@type":"WebPage","@id":"https:\/\/obacsalut.com\/es\/osteopatia-terrassa\/","url":"https:\/\/obacsalut.com\/es\/osteopatia-terrassa\/","name":"Osteopat\u00eda - Obac Salut - Fisioter\u00e0pia i Osteopatia a Terrassa","isPartOf":{"@id":"https:\/\/obacsalut.com\/#website"},"datePublished":"2020-12-05T19:05:49+00:00","dateModified":"2025-04-25T06:31:35+00:00","description":"Descubre c\u00f3mo nuestra osteopat\u00eda puede ayudarte a mejorar tu rendimiento deportivo, aliviar dolores musculares y prevenir lesiones.","breadcrumb":{"@id":"https:\/\/obacsalut.com\/es\/osteopatia-terrassa\/#breadcrumb"},"inLanguage":"es","potentialAction":[{"@type":"ReadAction","target":["https:\/\/obacsalut.com\/es\/osteopatia-terrassa\/"]}]},{"@type":"BreadcrumbList","@id":"https:\/\/obacsalut.com\/es\/osteopatia-terrassa\/#breadcrumb","itemListElement":[{"@type":"ListItem","position":1,"name":"Portada","item":"https:\/\/obacsalut.com\/es\/"},{"@type":"ListItem","position":2,"name":"Osteopat\u00eda"}]},{"@type":"WebSite","@id":"https:\/\/obacsalut.com\/#website","url":"https:\/\/obacsalut.com\/","name":"Obac Salut - Fisioter\u00e0pia i Osteopatia a Terrassa","description":"Fisioter\u00e0pia i Osteopatia a Terrassa","potentialAction":[{"@type":"SearchAction","target":{"@type":"EntryPoint","urlTemplate":"https:\/\/obacsalut.com\/?s={search_term_string}"},"query-input":"required name=search_term_string"}],"inLanguage":"es"}]}},"uagb_featured_image_src":{"full":false,"thumbnail":false,"medium":false,"medium_large":false,"large":false,"1536x1536":false,"2048x2048":false,"large-thumb":false,"blog-post-thumb":false,"medicenter-gallery-image":false,"medium-thumb":false,"medicenter-gallery-thumb-type-1":false,"medicenter-gallery-thumb-type-2":false,"medicenter-vertical-image":false,"medicenter-small-thumb":false},"uagb_author_info":{"display_name":"admin@www","author_link":"https:\/\/obacsalut.com\/es\/author\/adminwww\/"},"uagb_comment_info":0,"uagb_excerpt":"[vc_row][vc_column][vc_column_text css=\u00bb.vc_custom_1745562689960{margin-top: 10px !important;}\u00bb]Tratamientos de osteopat\u00eda para adultos, deportistas, mujeres, beb\u00e9s y ni\u00f1os. Te ayudamos a aliviar el dolor y a volver a sentirte bien.[\/vc_column_text][\/vc_column][\/vc_row][vc_row top_margin=\u00bbpage-margin-top\u00bb el_position=\u00bbfirst last\u00bb css=\u00bb.vc_custom_1607242109901{padding-bottom: 20px !important;background-color: #f0f0f0 !important;}\u00bb][vc_column width=\u00bb1\/3&#8243;][vc_single_image image=\u00bb4261&#8243; img_size=\u00bbfull\u00bb][vc_column_text el_class=\u00bbtitular_esp\u00bb] Osteopat\u00eda columna vertebral [\/vc_column_text][vc_column_text el_class=\u00bbtext_esp\u00bb]Tratamiento de dolor y patolog\u00edas que afectan la columna vertebral: dolor lumbar, dolor cervical,","_links":{"self":[{"href":"https:\/\/obacsalut.com\/es\/wp-json\/wp\/v2\/pages\/4693"}],"collection":[{"href":"https:\/\/obacsalut.com\/es\/wp-json\/wp\/v2\/pages"}],"about":[{"href":"https:\/\/obacsalut.com\/es\/wp-json\/wp\/v2\/types\/page"}],"author":[{"embeddable":true,"href":"https:\/\/obacsalut.com\/es\/wp-json\/wp\/v2\/users\/1"}],"replies":[{"embeddable":true,"href":"https:\/\/obacsalut.com\/es\/wp-json\/wp\/v2\/comments?post=4693"}],"version-history":[{"count":27,"href":"https:\/\/obacsalut.com\/es\/wp-json\/wp\/v2\/pages\/4693\/revisions"}],"predecessor-version":[{"id":6156,"href":"https:\/\/obacsalut.com\/es\/wp-json\/wp\/v2\/pages\/4693\/revisions\/6156"}],"wp:attachment":[{"href":"https:\/\/obacsalut.com\/es\/wp-json\/wp\/v2\/media?parent=4693"}],"curies":[{"name":"wp","href":"https:\/\/api.w.org\/{rel}","templated":true}]}}