{"id":4688,"date":"2020-12-06T08:43:25","date_gmt":"2020-12-06T08:43:25","guid":{"rendered":"https:\/\/obacsalut.com\/obac\/fisioterapia-terrassa\/"},"modified":"2025-04-24T11:47:07","modified_gmt":"2025-04-24T11:47:07","slug":"fisioterapia-terrassa","status":"publish","type":"page","link":"https:\/\/obacsalut.com\/es\/fisioterapia-terrassa\/","title":{"rendered":"Fisioterapia"},"content":{"rendered":"<p>[vc_row][vc_column]<h1 class=\"box-header large align-left\">FISIOTERAPIA<\/h1>[vc_column_text]Descubre c\u00f3mo nuestra fisioterapia puede ayudarte a <strong>mejorar tu movilidad, recuperarte de lesiones y fortalecer tu cuerpo de forma segura.<\/strong> Nuestros fisioterapeutas combinan t\u00e9cnicas avanzadas y un enfoque personalizado para que vuelvas a sentirte en forma.[\/vc_column_text][\/vc_column][\/vc_row][vc_row top_margin=\u00bbpage-margin-top\u00bb el_position=\u00bbfirst last\u00bb css=\u00bb.vc_custom_1607242109901{padding-bottom: 20px !important;background-color: #f0f0f0 !important;}\u00bb][vc_column width=\u00bb1\/3&#8243;][vc_single_image image=\u00bb4270&#8243; img_size=\u00bbfull\u00bb][vc_column_text el_class=\u00bbtitular_esp\u00bb]<\/p>\n<h2>Masaje Descontracturante<\/h2>\n<p>[\/vc_column_text][vc_column_text el_class=\u00bbtext_esp\u00bb]Masaje profundo para contracturas y dolores musculares, alivia tensiones acumuladas y recupera tu bienestar corporal desde la primera sesi\u00f3n.[\/vc_column_text][\/vc_column][vc_column width=\u00bb1\/3&#8243;][vc_single_image image=\u00bb4323&#8243; img_size=\u00bbfull\u00bb][vc_column_text el_class=\u00bbtitular_esp\u00bb]<\/p>\n<h2>Readaptaci\u00f3n al deporte<\/h2>\n<p>[\/vc_column_text][vc_column_text el_class=\u00bbtext_esp\u00bb]Tratamiento de lesiones deportivas, masaje terap\u00e9utico de descarga muscular, contracturas musculares, esguinces, tendinopatias, etc. y retorno a la actividad deportiva.[\/vc_column_text][\/vc_column][vc_column width=\u00bb1\/3&#8243;][vc_single_image image=\u00bb4308&#8243; img_size=\u00bbfull\u00bb][vc_column_text el_class=\u00bbtitular_esp\u00bb]<\/p>\n<h2>Terapia manual profunda.<\/h2>\n<p>[\/vc_column_text][vc_column_text el_class=\u00bbtext_esp\u00bb]Movilizaciones articulares, t\u00e9cnicas manuales espec\u00edficas.[\/vc_column_text][\/vc_column][\/vc_row][vc_row top_margin=\u00bbpage-margin-top\u00bb el_position=\u00bbfirst last\u00bb css=\u00bb.vc_custom_1607242133279{padding-bottom: 20px !important;background-color: #f0f0f0 !important;}\u00bb][vc_column width=\u00bb1\/3&#8243;][vc_single_image image=\u00bb4377&#8243; img_size=\u00bbfull\u00bb][vc_column_text el_class=\u00bbtitular_esp\u00bb]<\/p>\n<h2>Neurolog\u00eda<\/h2>\n<p>[\/vc_column_text][vc_column_text el_class=\u00bbtext_esp\u00bb]Rehabilitaci\u00f3n de patolog\u00eda neurol\u00f3gica: ICTUS, AVC, Parkinson, hemiplejias, par\u00e1lisis cerebral, reeducaci\u00f3n de la marcha, readaptaci\u00f3n de la discapacidad a las actividades b\u00e1sicas de la vida diaria, etc.[\/vc_column_text][\/vc_column][vc_column width=\u00bb1\/3&#8243;][vc_single_image image=\u00bb4322&#8243; img_size=\u00bbfull\u00bb][vc_column_text el_class=\u00bbtitular_esp\u00bb]<\/p>\n<h2>Fisioterapia respiratoria<\/h2>\n<p>[\/vc_column_text][vc_column_text el_class=\u00bbtext_esp\u00bb]Programa de ejercicios personalizados seg\u00fan la afecci\u00f3n respiratoria, rehabilitaci\u00f3n de la musculatura respiratoria, parrilla costal, rehabilitaci\u00f3n de EPOC, ASMA, post-COVID, AVC&#8230;[\/vc_column_text][\/vc_column][vc_column width=\u00bb1\/3&#8243;][vc_single_image image=\u00bb4341&#8243; img_size=\u00bbfull\u00bb][vc_column_text el_class=\u00bbtitular_esp\u00bb]<\/p>\n<h2>Drenaje linf\u00e1tico<\/h2>\n<p>[\/vc_column_text][vc_column_text el_class=\u00bbtext_esp\u00bb]T\u00e9cnica manual donde se drena la linfa, indicado para edemas, mala circulaci\u00f3n, piernas hinchadas, retenci\u00f3n de l\u00edquidos, etc.<\/p>\n<p>Consulta m\u00e1s en \u279d <a style=\"color: pink; font-weight: bold;\" href=\"https:\/\/obacsalut.com\/es\/fisio-estetica\/\">FISIOEST\u00c9TICA<\/a>[\/vc_column_text][\/vc_column][\/vc_row][vc_row][vc_column][vc_cta h2=\u00bb\u00bb txt_align=\u00bbcenter\u00bb add_button=\u00bbbottom\u00bb btn_title=\u00bbRESERVA TU CITA AHORA\u00bb btn_style=\u00bbflat\u00bb btn_shape=\u00bbsquare\u00bb btn_color=\u00bbinfo\u00bb btn_align=\u00bbcenter\u00bb btn_link=\u00bburl:https%3A%2F%2Fobacsalut.com%2Fes%2Freserva-tu-visita%2F\u00bb]<\/p>\n<h2 style=\"text-align: center;\">TRATAMIENTOS DE FISIOTERAPIA EN TERRASSA<\/h2>\n<p style=\"text-align: center;\">Recupera tu bienestar con sesiones de fisioterapia personalizadas adaptadas a tus necesidades.<\/p>\n<p style=\"text-align: center;\">Estamos aqu\u00ed para ayudarte a mejorar tu calidad de vida desde la primera visita.<\/p>\n<p>[\/vc_cta][\/vc_column][\/vc_row][vc_row top_margin=\u00bbpage-margin-top\u00bb el_position=\u00bbfirst last\u00bb css=\u00bb.vc_custom_1607242141249{padding-bottom: 20px !important;background-color: #f0f0f0 !important;}\u00bb][vc_column width=\u00bb1\/3&#8243;][vc_single_image image=\u00bb4310&#8243; img_size=\u00bbfull\u00bb][vc_column_text el_class=\u00bbtitular_esp\u00bb]<\/p>\n<h2>Taping neuro-muscular<\/h2>\n<p>[\/vc_column_text][vc_column_text el_class=\u00bbtext_esp\u00bb]<\/p>\n<div class=\"flex max-w-full flex-col flex-grow\">\n<div class=\"min-h-8 text-message relative flex w-full flex-col items-end gap-2 whitespace-normal break-words text-start [.text-message+&amp;]:mt-5\" dir=\"auto\" data-message-author-role=\"assistant\" data-message-id=\"787fc4a5-4a1d-4cd5-aca3-f960417a5c9b\" data-message-model-slug=\"gpt-4o\">\n<div class=\"flex w-full flex-col gap-1 empty:hidden first:pt-[3px]\">\n<div class=\"markdown prose w-full break-words dark:prose-invert dark\">\n<p data-start=\"0\" data-end=\"289\" data-is-last-node=\"\" data-is-only-node=\"\">Aplicaci\u00f3n de vendajes el\u00e1sticos que generan tracci\u00f3n en la piel y m\u00fasculos. Ayudan a alinear m\u00fasculos d\u00e9biles, facilitar el movimiento articular y mejorar la circulaci\u00f3n sangu\u00ednea y linf\u00e1tica. Tambi\u00e9n alivian la presi\u00f3n sobre los receptores del dolor y mejoran la propiocepci\u00f3n articular.<\/p>\n<\/div>\n<\/div>\n<\/div>\n<\/div>\n<p>[\/vc_column_text][\/vc_column][vc_column width=\u00bb1\/3&#8243;][vc_single_image image=\u00bb4307&#8243; img_size=\u00bbfull\u00bb][vc_column_text el_class=\u00bbtitular_esp\u00bb]<\/p>\n<h2>Ganchos<\/h2>\n<p>[\/vc_column_text][vc_column_text el_class=\u00bbtext_esp\u00bb]Consiste a dar libertad de movimiento a estructuras miofasciales (m\u00fasculos, tendones, fascias). Es un abordaje manual e instrumental haciendo uso de unos ganchos para poder llegar a liberar los tabiques inter-aponeur\u00f3ticos y mio-aponeur\u00f3ticos.[\/vc_column_text][\/vc_column][vc_column width=\u00bb1\/3&#8243;][vc_single_image image=\u00bb4311&#8243; img_size=\u00bbfull\u00bb][vc_column_text el_class=\u00bbtitular_esp\u00bb]<\/p>\n<h2>Ejercicio terap\u00e9utico<\/h2>\n<p>[\/vc_column_text][vc_column_text el_class=\u00bbtext_esp\u00bb]Te preparamos una pauta de ejercicios espec\u00edficos adaptados para cada lesi\u00f3n y para cada condici\u00f3n f\u00edsica. Dolor de espalda, recuperaci\u00f3n de lesiones deportivas, ejercicios propioceptivos, ejercicios de mantenimiento para la gente mayor, etc.[\/vc_column_text][\/vc_column][\/vc_row]<\/p>\n","protected":false},"excerpt":{"rendered":"<p>[vc_row][vc_column][vc_column_text]Descubre c\u00f3mo nuestra fisioterapia puede ayudarte a mejorar tu movilidad, recuperarte de lesiones y fortalecer tu cuerpo de forma segura. Nuestros fisioterapeutas combinan t\u00e9cnicas avanzadas y un enfoque personalizado para que vuelvas a sentirte en forma.[\/vc_column_text][\/vc_column][\/vc_row][vc_row top_margin=\u00bbpage-margin-top\u00bb el_position=\u00bbfirst last\u00bb css=\u00bb.vc_custom_1607242109901{padding-bottom: 20px !important;background-color: #f0f0f0 !important;}\u00bb][vc_column width=\u00bb1\/3&#8243;][vc_single_image image=\u00bb4270&#8243; img_size=\u00bbfull\u00bb][vc_column_text el_class=\u00bbtitular_esp\u00bb] Masaje Descontracturante [\/vc_column_text][vc_column_text el_class=\u00bbtext_esp\u00bb]Masaje profundo para contracturas<\/p>\n","protected":false},"author":1,"featured_media":0,"parent":0,"menu_order":4,"comment_status":"open","ping_status":"open","template":"","meta":{"_uag_custom_page_level_css":"","_uf_show_specific_survey":0,"_uf_disable_surveys":false,"footnotes":""},"yoast_head":"<!-- This site is optimized with the Yoast SEO plugin v22.2 - https:\/\/yoast.com\/wordpress\/plugins\/seo\/ -->\n<title>Fisioterapia - Obac Salut - Fisioter\u00e0pia i Osteopatia a Terrassa<\/title>\n<meta name=\"description\" content=\"Tratamiento de fisioterapia para dolores de espalda, sobrecargas, dolores musculares, contracturas, tendinopat\u00edas, esguinces, masajes...\" \/>\n<meta name=\"robots\" content=\"index, follow, max-snippet:-1, max-image-preview:large, max-video-preview:-1\" \/>\n<link rel=\"canonical\" href=\"https:\/\/obacsalut.com\/es\/fisioterapia-terrassa\/\" \/>\n<meta property=\"og:locale\" content=\"es_ES\" \/>\n<meta property=\"og:type\" content=\"article\" \/>\n<meta property=\"og:title\" content=\"Fisioterapia - Obac Salut - Fisioter\u00e0pia i Osteopatia a Terrassa\" \/>\n<meta property=\"og:description\" content=\"Tratamiento de fisioterapia para dolores de espalda, sobrecargas, dolores musculares, contracturas, tendinopat\u00edas, esguinces, masajes...\" \/>\n<meta property=\"og:url\" content=\"https:\/\/obacsalut.com\/es\/fisioterapia-terrassa\/\" \/>\n<meta property=\"og:site_name\" content=\"Obac Salut - Fisioter\u00e0pia i Osteopatia a Terrassa\" \/>\n<meta property=\"article:modified_time\" content=\"2025-04-24T11:47:07+00:00\" \/>\n<meta name=\"twitter:card\" content=\"summary_large_image\" \/>\n<meta name=\"twitter:label1\" content=\"Tiempo de lectura\" \/>\n\t<meta name=\"twitter:data1\" content=\"3 minutos\" \/>\n<script type=\"application\/ld+json\" class=\"yoast-schema-graph\">{\"@context\":\"https:\/\/schema.org\",\"@graph\":[{\"@type\":\"WebPage\",\"@id\":\"https:\/\/obacsalut.com\/es\/fisioterapia-terrassa\/\",\"url\":\"https:\/\/obacsalut.com\/es\/fisioterapia-terrassa\/\",\"name\":\"Fisioterapia - Obac Salut - Fisioter\u00e0pia i Osteopatia a Terrassa\",\"isPartOf\":{\"@id\":\"https:\/\/obacsalut.com\/#website\"},\"datePublished\":\"2020-12-06T08:43:25+00:00\",\"dateModified\":\"2025-04-24T11:47:07+00:00\",\"description\":\"Tratamiento de fisioterapia para dolores de espalda, sobrecargas, dolores musculares, contracturas, tendinopat\u00edas, esguinces, masajes...\",\"breadcrumb\":{\"@id\":\"https:\/\/obacsalut.com\/es\/fisioterapia-terrassa\/#breadcrumb\"},\"inLanguage\":\"es\",\"potentialAction\":[{\"@type\":\"ReadAction\",\"target\":[\"https:\/\/obacsalut.com\/es\/fisioterapia-terrassa\/\"]}]},{\"@type\":\"BreadcrumbList\",\"@id\":\"https:\/\/obacsalut.com\/es\/fisioterapia-terrassa\/#breadcrumb\",\"itemListElement\":[{\"@type\":\"ListItem\",\"position\":1,\"name\":\"Portada\",\"item\":\"https:\/\/obacsalut.com\/es\/\"},{\"@type\":\"ListItem\",\"position\":2,\"name\":\"Fisioterapia\"}]},{\"@type\":\"WebSite\",\"@id\":\"https:\/\/obacsalut.com\/#website\",\"url\":\"https:\/\/obacsalut.com\/\",\"name\":\"Obac Salut - Fisioter\u00e0pia i Osteopatia a Terrassa\",\"description\":\"Fisioter\u00e0pia i Osteopatia a Terrassa\",\"potentialAction\":[{\"@type\":\"SearchAction\",\"target\":{\"@type\":\"EntryPoint\",\"urlTemplate\":\"https:\/\/obacsalut.com\/?s={search_term_string}\"},\"query-input\":\"required name=search_term_string\"}],\"inLanguage\":\"es\"}]}<\/script>\n<!-- \/ Yoast SEO plugin. -->","yoast_head_json":{"title":"Fisioterapia - Obac Salut - Fisioter\u00e0pia i Osteopatia a Terrassa","description":"Tratamiento de fisioterapia para dolores de espalda, sobrecargas, dolores musculares, contracturas, tendinopat\u00edas, esguinces, masajes...","robots":{"index":"index","follow":"follow","max-snippet":"max-snippet:-1","max-image-preview":"max-image-preview:large","max-video-preview":"max-video-preview:-1"},"canonical":"https:\/\/obacsalut.com\/es\/fisioterapia-terrassa\/","og_locale":"es_ES","og_type":"article","og_title":"Fisioterapia - Obac Salut - Fisioter\u00e0pia i Osteopatia a Terrassa","og_description":"Tratamiento de fisioterapia para dolores de espalda, sobrecargas, dolores musculares, contracturas, tendinopat\u00edas, esguinces, masajes...","og_url":"https:\/\/obacsalut.com\/es\/fisioterapia-terrassa\/","og_site_name":"Obac Salut - Fisioter\u00e0pia i Osteopatia a Terrassa","article_modified_time":"2025-04-24T11:47:07+00:00","twitter_card":"summary_large_image","twitter_misc":{"Tiempo de lectura":"3 minutos"},"schema":{"@context":"https:\/\/schema.org","@graph":[{"@type":"WebPage","@id":"https:\/\/obacsalut.com\/es\/fisioterapia-terrassa\/","url":"https:\/\/obacsalut.com\/es\/fisioterapia-terrassa\/","name":"Fisioterapia - Obac Salut - Fisioter\u00e0pia i Osteopatia a Terrassa","isPartOf":{"@id":"https:\/\/obacsalut.com\/#website"},"datePublished":"2020-12-06T08:43:25+00:00","dateModified":"2025-04-24T11:47:07+00:00","description":"Tratamiento de fisioterapia para dolores de espalda, sobrecargas, dolores musculares, contracturas, tendinopat\u00edas, esguinces, masajes...","breadcrumb":{"@id":"https:\/\/obacsalut.com\/es\/fisioterapia-terrassa\/#breadcrumb"},"inLanguage":"es","potentialAction":[{"@type":"ReadAction","target":["https:\/\/obacsalut.com\/es\/fisioterapia-terrassa\/"]}]},{"@type":"BreadcrumbList","@id":"https:\/\/obacsalut.com\/es\/fisioterapia-terrassa\/#breadcrumb","itemListElement":[{"@type":"ListItem","position":1,"name":"Portada","item":"https:\/\/obacsalut.com\/es\/"},{"@type":"ListItem","position":2,"name":"Fisioterapia"}]},{"@type":"WebSite","@id":"https:\/\/obacsalut.com\/#website","url":"https:\/\/obacsalut.com\/","name":"Obac Salut - Fisioter\u00e0pia i Osteopatia a Terrassa","description":"Fisioter\u00e0pia i Osteopatia a Terrassa","potentialAction":[{"@type":"SearchAction","target":{"@type":"EntryPoint","urlTemplate":"https:\/\/obacsalut.com\/?s={search_term_string}"},"query-input":"required name=search_term_string"}],"inLanguage":"es"}]}},"uagb_featured_image_src":{"full":false,"thumbnail":false,"medium":false,"medium_large":false,"large":false,"1536x1536":false,"2048x2048":false,"large-thumb":false,"blog-post-thumb":false,"medicenter-gallery-image":false,"medium-thumb":false,"medicenter-gallery-thumb-type-1":false,"medicenter-gallery-thumb-type-2":false,"medicenter-vertical-image":false,"medicenter-small-thumb":false},"uagb_author_info":{"display_name":"admin@www","author_link":"https:\/\/obacsalut.com\/es\/author\/adminwww\/"},"uagb_comment_info":0,"uagb_excerpt":"[vc_row][vc_column][vc_column_text]Descubre c\u00f3mo nuestra fisioterapia puede ayudarte a mejorar tu movilidad, recuperarte de lesiones y fortalecer tu cuerpo de forma segura. Nuestros fisioterapeutas combinan t\u00e9cnicas avanzadas y un enfoque personalizado para que vuelvas a sentirte en forma.[\/vc_column_text][\/vc_column][\/vc_row][vc_row top_margin=\u00bbpage-margin-top\u00bb el_position=\u00bbfirst last\u00bb css=\u00bb.vc_custom_1607242109901{padding-bottom: 20px !important;background-color: #f0f0f0 !important;}\u00bb][vc_column width=\u00bb1\/3&#8243;][vc_single_image image=\u00bb4270&#8243; img_size=\u00bbfull\u00bb][vc_column_text el_class=\u00bbtitular_esp\u00bb] Masaje Descontracturante [\/vc_column_text][vc_column_text el_class=\u00bbtext_esp\u00bb]Masaje profundo para contracturas","_links":{"self":[{"href":"https:\/\/obacsalut.com\/es\/wp-json\/wp\/v2\/pages\/4688"}],"collection":[{"href":"https:\/\/obacsalut.com\/es\/wp-json\/wp\/v2\/pages"}],"about":[{"href":"https:\/\/obacsalut.com\/es\/wp-json\/wp\/v2\/types\/page"}],"author":[{"embeddable":true,"href":"https:\/\/obacsalut.com\/es\/wp-json\/wp\/v2\/users\/1"}],"replies":[{"embeddable":true,"href":"https:\/\/obacsalut.com\/es\/wp-json\/wp\/v2\/comments?post=4688"}],"version-history":[{"count":35,"href":"https:\/\/obacsalut.com\/es\/wp-json\/wp\/v2\/pages\/4688\/revisions"}],"predecessor-version":[{"id":5765,"href":"https:\/\/obacsalut.com\/es\/wp-json\/wp\/v2\/pages\/4688\/revisions\/5765"}],"wp:attachment":[{"href":"https:\/\/obacsalut.com\/es\/wp-json\/wp\/v2\/media?parent=4688"}],"curies":[{"name":"wp","href":"https:\/\/api.w.org\/{rel}","templated":true}]}}