{"id":4678,"date":"2020-11-30T18:43:45","date_gmt":"2020-11-30T18:43:45","guid":{"rendered":"https:\/\/obacsalut.com\/obac\/centre-obac-salut\/"},"modified":"2025-06-24T14:57:57","modified_gmt":"2025-06-24T14:57:57","slug":"centro-obac-salut","status":"publish","type":"page","link":"https:\/\/obacsalut.com\/es\/centro-obac-salut\/","title":{"rendered":"El Centro"},"content":{"rendered":"<p>[vc_row][vc_column]<h2 class=\"box-header large align-left\">El Centro<\/h2>[\/vc_column][\/vc_row][vc_row top_margin=\u00bbpage-margin-top\u00bb el_position=\u00bbfirst last\u00bb][vc_column][vc_column_text css=\u00bb.vc_custom_1750777074058{padding-top: 30px !important;}\u00bb]<\/p>\n<p data-start=\"132\" data-end=\"162\" data-is-last-node=\"\" data-is-only-node=\"\"><strong>Conoce nuestras instalaciones.<\/strong><\/p>\n<p>[\/vc_column_text][\/vc_column][\/vc_row][vc_row css=\u00bb.vc_custom_1606762307397{padding-top: 30px !important;}\u00bb][vc_column][vc_gallery type=\u00bbimage_grid\u00bb images=\u00bb4237,4238,4239,4240,4243,4252,4241,4244,4245,4246,4248,4249,4250,4251,4247,4242&#8243; img_size=\u00bbmedium\u00bb css_animation=\u00bbfadeIn\u00bb][\/vc_column][\/vc_row]<\/p>\n","protected":false},"excerpt":{"rendered":"<p>[vc_row][vc_column][\/vc_column][\/vc_row][vc_row top_margin=\u00bbpage-margin-top\u00bb el_position=\u00bbfirst last\u00bb][vc_column][vc_column_text css=\u00bb.vc_custom_1750777074058{padding-top: 30px !important;}\u00bb] Conoce nuestras instalaciones. [\/vc_column_text][\/vc_column][\/vc_row][vc_row css=\u00bb.vc_custom_1606762307397{padding-top: 30px !important;}\u00bb][vc_column][vc_gallery type=\u00bbimage_grid\u00bb images=\u00bb4237,4238,4239,4240,4243,4252,4241,4244,4245,4246,4248,4249,4250,4251,4247,4242&#8243; img_size=\u00bbmedium\u00bb css_animation=\u00bbfadeIn\u00bb][\/vc_column][\/vc_row]<\/p>\n","protected":false},"author":1,"featured_media":0,"parent":0,"menu_order":20,"comment_status":"open","ping_status":"open","template":"","meta":{"_uag_custom_page_level_css":"","_uf_show_specific_survey":0,"_uf_disable_surveys":false,"footnotes":""},"yoast_head":"<!-- This site is optimized with the Yoast SEO plugin v22.2 - https:\/\/yoast.com\/wordpress\/plugins\/seo\/ -->\n<title>El Centro - Obac Salut - Fisioter\u00e0pia i Osteopatia a Terrassa<\/title>\n<meta name=\"description\" content=\"Centro especializado en fisioterapia, osteopat\u00eda y suelo p\u00e9lvico, con tratamientos personalizados para la mejora f\u00edsica.\" \/>\n<meta name=\"robots\" content=\"index, follow, max-snippet:-1, max-image-preview:large, max-video-preview:-1\" \/>\n<link rel=\"canonical\" href=\"https:\/\/obacsalut.com\/es\/centro-obac-salut\/\" \/>\n<meta property=\"og:locale\" content=\"es_ES\" \/>\n<meta property=\"og:type\" content=\"article\" \/>\n<meta property=\"og:title\" content=\"El Centro - Obac Salut - Fisioter\u00e0pia i Osteopatia a Terrassa\" \/>\n<meta property=\"og:description\" content=\"Centro especializado en fisioterapia, osteopat\u00eda y suelo p\u00e9lvico, con tratamientos personalizados para la mejora f\u00edsica.\" \/>\n<meta property=\"og:url\" content=\"https:\/\/obacsalut.com\/es\/centro-obac-salut\/\" \/>\n<meta property=\"og:site_name\" content=\"Obac Salut - Fisioter\u00e0pia i Osteopatia a Terrassa\" \/>\n<meta property=\"article:modified_time\" content=\"2025-06-24T14:57:57+00:00\" \/>\n<meta name=\"twitter:card\" content=\"summary_large_image\" \/>\n<meta name=\"twitter:label1\" content=\"Tiempo de lectura\" \/>\n\t<meta name=\"twitter:data1\" content=\"1 minuto\" \/>\n<script type=\"application\/ld+json\" class=\"yoast-schema-graph\">{\"@context\":\"https:\/\/schema.org\",\"@graph\":[{\"@type\":\"WebPage\",\"@id\":\"https:\/\/obacsalut.com\/es\/centro-obac-salut\/\",\"url\":\"https:\/\/obacsalut.com\/es\/centro-obac-salut\/\",\"name\":\"El Centro - Obac Salut - Fisioter\u00e0pia i Osteopatia a Terrassa\",\"isPartOf\":{\"@id\":\"https:\/\/obacsalut.com\/#website\"},\"datePublished\":\"2020-11-30T18:43:45+00:00\",\"dateModified\":\"2025-06-24T14:57:57+00:00\",\"description\":\"Centro especializado en fisioterapia, osteopat\u00eda y suelo p\u00e9lvico, con tratamientos personalizados para la mejora f\u00edsica.\",\"breadcrumb\":{\"@id\":\"https:\/\/obacsalut.com\/es\/centro-obac-salut\/#breadcrumb\"},\"inLanguage\":\"es\",\"potentialAction\":[{\"@type\":\"ReadAction\",\"target\":[\"https:\/\/obacsalut.com\/es\/centro-obac-salut\/\"]}]},{\"@type\":\"BreadcrumbList\",\"@id\":\"https:\/\/obacsalut.com\/es\/centro-obac-salut\/#breadcrumb\",\"itemListElement\":[{\"@type\":\"ListItem\",\"position\":1,\"name\":\"Portada\",\"item\":\"https:\/\/obacsalut.com\/es\/\"},{\"@type\":\"ListItem\",\"position\":2,\"name\":\"El Centro\"}]},{\"@type\":\"WebSite\",\"@id\":\"https:\/\/obacsalut.com\/#website\",\"url\":\"https:\/\/obacsalut.com\/\",\"name\":\"Obac Salut - Fisioter\u00e0pia i Osteopatia a Terrassa\",\"description\":\"Fisioter\u00e0pia i Osteopatia a Terrassa\",\"potentialAction\":[{\"@type\":\"SearchAction\",\"target\":{\"@type\":\"EntryPoint\",\"urlTemplate\":\"https:\/\/obacsalut.com\/?s={search_term_string}\"},\"query-input\":\"required name=search_term_string\"}],\"inLanguage\":\"es\"}]}<\/script>\n<!-- \/ Yoast SEO plugin. -->","yoast_head_json":{"title":"El Centro - Obac Salut - Fisioter\u00e0pia i Osteopatia a Terrassa","description":"Centro especializado en fisioterapia, osteopat\u00eda y suelo p\u00e9lvico, con tratamientos personalizados para la mejora f\u00edsica.","robots":{"index":"index","follow":"follow","max-snippet":"max-snippet:-1","max-image-preview":"max-image-preview:large","max-video-preview":"max-video-preview:-1"},"canonical":"https:\/\/obacsalut.com\/es\/centro-obac-salut\/","og_locale":"es_ES","og_type":"article","og_title":"El Centro - Obac Salut - Fisioter\u00e0pia i Osteopatia a Terrassa","og_description":"Centro especializado en fisioterapia, osteopat\u00eda y suelo p\u00e9lvico, con tratamientos personalizados para la mejora f\u00edsica.","og_url":"https:\/\/obacsalut.com\/es\/centro-obac-salut\/","og_site_name":"Obac Salut - Fisioter\u00e0pia i Osteopatia a Terrassa","article_modified_time":"2025-06-24T14:57:57+00:00","twitter_card":"summary_large_image","twitter_misc":{"Tiempo de lectura":"1 minuto"},"schema":{"@context":"https:\/\/schema.org","@graph":[{"@type":"WebPage","@id":"https:\/\/obacsalut.com\/es\/centro-obac-salut\/","url":"https:\/\/obacsalut.com\/es\/centro-obac-salut\/","name":"El Centro - Obac Salut - Fisioter\u00e0pia i Osteopatia a Terrassa","isPartOf":{"@id":"https:\/\/obacsalut.com\/#website"},"datePublished":"2020-11-30T18:43:45+00:00","dateModified":"2025-06-24T14:57:57+00:00","description":"Centro especializado en fisioterapia, osteopat\u00eda y suelo p\u00e9lvico, con tratamientos personalizados para la mejora f\u00edsica.","breadcrumb":{"@id":"https:\/\/obacsalut.com\/es\/centro-obac-salut\/#breadcrumb"},"inLanguage":"es","potentialAction":[{"@type":"ReadAction","target":["https:\/\/obacsalut.com\/es\/centro-obac-salut\/"]}]},{"@type":"BreadcrumbList","@id":"https:\/\/obacsalut.com\/es\/centro-obac-salut\/#breadcrumb","itemListElement":[{"@type":"ListItem","position":1,"name":"Portada","item":"https:\/\/obacsalut.com\/es\/"},{"@type":"ListItem","position":2,"name":"El Centro"}]},{"@type":"WebSite","@id":"https:\/\/obacsalut.com\/#website","url":"https:\/\/obacsalut.com\/","name":"Obac Salut - Fisioter\u00e0pia i Osteopatia a Terrassa","description":"Fisioter\u00e0pia i Osteopatia a Terrassa","potentialAction":[{"@type":"SearchAction","target":{"@type":"EntryPoint","urlTemplate":"https:\/\/obacsalut.com\/?s={search_term_string}"},"query-input":"required name=search_term_string"}],"inLanguage":"es"}]}},"uagb_featured_image_src":{"full":false,"thumbnail":false,"medium":false,"medium_large":false,"large":false,"1536x1536":false,"2048x2048":false,"large-thumb":false,"blog-post-thumb":false,"medicenter-gallery-image":false,"medium-thumb":false,"medicenter-gallery-thumb-type-1":false,"medicenter-gallery-thumb-type-2":false,"medicenter-vertical-image":false,"medicenter-small-thumb":false},"uagb_author_info":{"display_name":"admin@www","author_link":"https:\/\/obacsalut.com\/es\/author\/adminwww\/"},"uagb_comment_info":0,"uagb_excerpt":"[vc_row][vc_column][\/vc_column][\/vc_row][vc_row top_margin=\u00bbpage-margin-top\u00bb el_position=\u00bbfirst last\u00bb][vc_column][vc_column_text css=\u00bb.vc_custom_1750777074058{padding-top: 30px !important;}\u00bb] Conoce nuestras instalaciones. [\/vc_column_text][\/vc_column][\/vc_row][vc_row css=\u00bb.vc_custom_1606762307397{padding-top: 30px !important;}\u00bb][vc_column][vc_gallery type=\u00bbimage_grid\u00bb images=\u00bb4237,4238,4239,4240,4243,4252,4241,4244,4245,4246,4248,4249,4250,4251,4247,4242&#8243; img_size=\u00bbmedium\u00bb css_animation=\u00bbfadeIn\u00bb][\/vc_column][\/vc_row]","_links":{"self":[{"href":"https:\/\/obacsalut.com\/es\/wp-json\/wp\/v2\/pages\/4678"}],"collection":[{"href":"https:\/\/obacsalut.com\/es\/wp-json\/wp\/v2\/pages"}],"about":[{"href":"https:\/\/obacsalut.com\/es\/wp-json\/wp\/v2\/types\/page"}],"author":[{"embeddable":true,"href":"https:\/\/obacsalut.com\/es\/wp-json\/wp\/v2\/users\/1"}],"replies":[{"embeddable":true,"href":"https:\/\/obacsalut.com\/es\/wp-json\/wp\/v2\/comments?post=4678"}],"version-history":[{"count":8,"href":"https:\/\/obacsalut.com\/es\/wp-json\/wp\/v2\/pages\/4678\/revisions"}],"predecessor-version":[{"id":6173,"href":"https:\/\/obacsalut.com\/es\/wp-json\/wp\/v2\/pages\/4678\/revisions\/6173"}],"wp:attachment":[{"href":"https:\/\/obacsalut.com\/es\/wp-json\/wp\/v2\/media?parent=4678"}],"curies":[{"name":"wp","href":"https:\/\/api.w.org\/{rel}","templated":true}]}}