{"id":4671,"date":"2020-12-06T08:55:24","date_gmt":"2020-12-06T08:55:24","guid":{"rendered":"https:\/\/obacsalut.com\/obac\/rehabilitacio-sol-pelvia-dona-home-terrassa\/"},"modified":"2025-04-24T11:54:35","modified_gmt":"2025-04-24T11:54:35","slug":"rehabilitacion-suelo-pelvico-mujer-hombre-terrassa","status":"publish","type":"page","link":"https:\/\/obacsalut.com\/es\/rehabilitacion-suelo-pelvico-mujer-hombre-terrassa\/","title":{"rendered":"Rehabilitaci\u00f3n del suelo p\u00e9lvico mujer\/hombre"},"content":{"rendered":"<p>[vc_row][vc_column]<h1 class=\"box-header large align-left\">REHABILITACI\u00d3N DEL SUELO P\u00c9LVICO MUJER\/HOMBRE<\/h1>[vc_column_text]Ofrecemos tratamientos personalizados para la rehabilitaci\u00f3n del suelo p\u00e9lvico tanto femenino como masculino. <strong>Tratamos incontinencias, dolor pelviano, prolapsos, disfunciones sexuales, y problemas derivados del embarazo, postparto o cirug\u00eda.<\/strong> Nuestro enfoque integral incluye la mejora de la salud p\u00e9lvica y el bienestar general,[\/vc_column_text][\/vc_column][\/vc_row][vc_row top_margin=\u00bbpage-margin-top\u00bb el_position=\u00bbfirst last\u00bb css=\u00bb.vc_custom_1607242109901{padding-bottom: 20px !important;background-color: #f0f0f0 !important;}\u00bb][vc_column width=\u00bb1\/2&#8243;][vc_single_image image=\u00bb4314&#8243; img_size=\u00bbfull\u00bb][vc_column_text el_class=\u00bbtitular_esp\u00bb]<\/p>\n<h2>Suelo p\u00e9lvico femenino<\/h2>\n<p>[\/vc_column_text][vc_column_text el_class=\u00bbtext_esp dona\u00bb]<\/p>\n<ul>\n<li>Incontinencias urinarias, fecales o de gases.<\/li>\n<li>Prolapsos de \u00f3rganos p\u00e9lvicos.<\/li>\n<li>Dolor pelviano o perineal.<\/li>\n<li>Vejiga hiperactiva.<\/li>\n<li>Dispar\u00e9unia, dolor a las relaciones sexuales.<\/li>\n<li>Vaginismo.<\/li>\n<li>Tratamiento de cicatrices dolorosas.<\/li>\n<li>Recuperaci\u00f3n posparto.<\/li>\n<li>Diastasis abdominal.<\/li>\n<li>Embarazo, preparto y posparto.<\/li>\n<li>Menopausia, atrofias vaginales.<\/li>\n<li>Terapia sexual.<\/li>\n<\/ul>\n<p>[\/vc_column_text][\/vc_column][vc_column width=\u00bb1\/2&#8243;][vc_single_image image=\u00bb4364&#8243; img_size=\u00bbfull\u00bb][vc_column_text el_class=\u00bbtitular_esp\u00bb]<\/p>\n<h2>Suelo pelviano masculino<\/h2>\n<p>[\/vc_column_text][vc_column_text el_class=\u00bbtext_esp\u00bb]<\/p>\n<ul>\n<li>Tratamiento del suelo pelviano masculino.<\/li>\n<li>Incontinencias urinarias, fecales o de gases.<\/li>\n<li>Dolor pelviano.<\/li>\n<li>Urgencia miccional.<\/li>\n<li>Eyaculaci\u00f3n precoz, disfunci\u00f3n er\u00e9ctil.<\/li>\n<li>Rehabilitaci\u00f3n posquir\u00fargica prost\u00e1tica.<\/li>\n<li>Rehabilitaci\u00f3n posquir\u00fargica colorrectal.<\/li>\n<li>Terapia sexual.<\/li>\n<\/ul>\n<p>[\/vc_column_text][\/vc_column][\/vc_row]<\/p>\n","protected":false},"excerpt":{"rendered":"<p>[vc_row][vc_column][vc_column_text]Ofrecemos tratamientos personalizados para la rehabilitaci\u00f3n del suelo p\u00e9lvico tanto femenino como masculino. Tratamos incontinencias, dolor pelviano, prolapsos, disfunciones sexuales, y problemas derivados del embarazo, postparto o cirug\u00eda. Nuestro enfoque integral incluye la mejora de la salud p\u00e9lvica y el bienestar general,[\/vc_column_text][\/vc_column][\/vc_row][vc_row top_margin=\u00bbpage-margin-top\u00bb el_position=\u00bbfirst last\u00bb css=\u00bb.vc_custom_1607242109901{padding-bottom: 20px !important;background-color: #f0f0f0 !important;}\u00bb][vc_column width=\u00bb1\/2&#8243;][vc_single_image image=\u00bb4314&#8243; img_size=\u00bbfull\u00bb][vc_column_text el_class=\u00bbtitular_esp\u00bb] Suelo<\/p>\n","protected":false},"author":1,"featured_media":0,"parent":0,"menu_order":2,"comment_status":"open","ping_status":"open","template":"","meta":{"_uag_custom_page_level_css":"","_uf_show_specific_survey":0,"_uf_disable_surveys":false,"footnotes":""},"yoast_head":"<!-- This site is optimized with the Yoast SEO plugin v22.2 - https:\/\/yoast.com\/wordpress\/plugins\/seo\/ -->\n<title>Rehabilitaci\u00f3n del suelo p\u00e9lvico mujer\/hombre - Obac Salut - Fisioter\u00e0pia i Osteopatia a Terrassa<\/title>\n<meta name=\"description\" content=\"Fisioter\u00e0pia aplicada per especialistes en el tractament de les disfuncions del s\u00f2l pelvi\u00e0 i l&#039;abdomen\" \/>\n<meta name=\"robots\" content=\"index, follow, max-snippet:-1, max-image-preview:large, max-video-preview:-1\" \/>\n<link rel=\"canonical\" href=\"https:\/\/obacsalut.com\/es\/rehabilitacion-suelo-pelvico-mujer-hombre-terrassa\/\" \/>\n<meta property=\"og:locale\" content=\"es_ES\" \/>\n<meta property=\"og:type\" content=\"article\" \/>\n<meta property=\"og:title\" content=\"Rehabilitaci\u00f3n del suelo p\u00e9lvico mujer\/hombre - Obac Salut - Fisioter\u00e0pia i Osteopatia a Terrassa\" \/>\n<meta property=\"og:description\" content=\"Fisioter\u00e0pia aplicada per especialistes en el tractament de les disfuncions del s\u00f2l pelvi\u00e0 i l&#039;abdomen\" \/>\n<meta property=\"og:url\" content=\"https:\/\/obacsalut.com\/es\/rehabilitacion-suelo-pelvico-mujer-hombre-terrassa\/\" \/>\n<meta property=\"og:site_name\" content=\"Obac Salut - Fisioter\u00e0pia i Osteopatia a Terrassa\" \/>\n<meta property=\"article:modified_time\" content=\"2025-04-24T11:54:35+00:00\" \/>\n<meta name=\"twitter:card\" content=\"summary_large_image\" \/>\n<meta name=\"twitter:label1\" content=\"Tiempo de lectura\" \/>\n\t<meta name=\"twitter:data1\" content=\"2 minutos\" \/>\n<script type=\"application\/ld+json\" class=\"yoast-schema-graph\">{\"@context\":\"https:\/\/schema.org\",\"@graph\":[{\"@type\":\"WebPage\",\"@id\":\"https:\/\/obacsalut.com\/es\/rehabilitacion-suelo-pelvico-mujer-hombre-terrassa\/\",\"url\":\"https:\/\/obacsalut.com\/es\/rehabilitacion-suelo-pelvico-mujer-hombre-terrassa\/\",\"name\":\"Rehabilitaci\u00f3n del suelo p\u00e9lvico mujer\/hombre - Obac Salut - Fisioter\u00e0pia i Osteopatia a Terrassa\",\"isPartOf\":{\"@id\":\"https:\/\/obacsalut.com\/#website\"},\"datePublished\":\"2020-12-06T08:55:24+00:00\",\"dateModified\":\"2025-04-24T11:54:35+00:00\",\"description\":\"Fisioter\u00e0pia aplicada per especialistes en el tractament de les disfuncions del s\u00f2l pelvi\u00e0 i l'abdomen\",\"breadcrumb\":{\"@id\":\"https:\/\/obacsalut.com\/es\/rehabilitacion-suelo-pelvico-mujer-hombre-terrassa\/#breadcrumb\"},\"inLanguage\":\"es\",\"potentialAction\":[{\"@type\":\"ReadAction\",\"target\":[\"https:\/\/obacsalut.com\/es\/rehabilitacion-suelo-pelvico-mujer-hombre-terrassa\/\"]}]},{\"@type\":\"BreadcrumbList\",\"@id\":\"https:\/\/obacsalut.com\/es\/rehabilitacion-suelo-pelvico-mujer-hombre-terrassa\/#breadcrumb\",\"itemListElement\":[{\"@type\":\"ListItem\",\"position\":1,\"name\":\"Portada\",\"item\":\"https:\/\/obacsalut.com\/es\/\"},{\"@type\":\"ListItem\",\"position\":2,\"name\":\"Rehabilitaci\u00f3n del suelo p\u00e9lvico mujer\/hombre\"}]},{\"@type\":\"WebSite\",\"@id\":\"https:\/\/obacsalut.com\/#website\",\"url\":\"https:\/\/obacsalut.com\/\",\"name\":\"Obac Salut - Fisioter\u00e0pia i Osteopatia a Terrassa\",\"description\":\"Fisioter\u00e0pia i Osteopatia a Terrassa\",\"potentialAction\":[{\"@type\":\"SearchAction\",\"target\":{\"@type\":\"EntryPoint\",\"urlTemplate\":\"https:\/\/obacsalut.com\/?s={search_term_string}\"},\"query-input\":\"required name=search_term_string\"}],\"inLanguage\":\"es\"}]}<\/script>\n<!-- \/ Yoast SEO plugin. -->","yoast_head_json":{"title":"Rehabilitaci\u00f3n del suelo p\u00e9lvico mujer\/hombre - Obac Salut - Fisioter\u00e0pia i Osteopatia a Terrassa","description":"Fisioter\u00e0pia aplicada per especialistes en el tractament de les disfuncions del s\u00f2l pelvi\u00e0 i l'abdomen","robots":{"index":"index","follow":"follow","max-snippet":"max-snippet:-1","max-image-preview":"max-image-preview:large","max-video-preview":"max-video-preview:-1"},"canonical":"https:\/\/obacsalut.com\/es\/rehabilitacion-suelo-pelvico-mujer-hombre-terrassa\/","og_locale":"es_ES","og_type":"article","og_title":"Rehabilitaci\u00f3n del suelo p\u00e9lvico mujer\/hombre - Obac Salut - Fisioter\u00e0pia i Osteopatia a Terrassa","og_description":"Fisioter\u00e0pia aplicada per especialistes en el tractament de les disfuncions del s\u00f2l pelvi\u00e0 i l'abdomen","og_url":"https:\/\/obacsalut.com\/es\/rehabilitacion-suelo-pelvico-mujer-hombre-terrassa\/","og_site_name":"Obac Salut - Fisioter\u00e0pia i Osteopatia a Terrassa","article_modified_time":"2025-04-24T11:54:35+00:00","twitter_card":"summary_large_image","twitter_misc":{"Tiempo de lectura":"2 minutos"},"schema":{"@context":"https:\/\/schema.org","@graph":[{"@type":"WebPage","@id":"https:\/\/obacsalut.com\/es\/rehabilitacion-suelo-pelvico-mujer-hombre-terrassa\/","url":"https:\/\/obacsalut.com\/es\/rehabilitacion-suelo-pelvico-mujer-hombre-terrassa\/","name":"Rehabilitaci\u00f3n del suelo p\u00e9lvico mujer\/hombre - Obac Salut - Fisioter\u00e0pia i Osteopatia a Terrassa","isPartOf":{"@id":"https:\/\/obacsalut.com\/#website"},"datePublished":"2020-12-06T08:55:24+00:00","dateModified":"2025-04-24T11:54:35+00:00","description":"Fisioter\u00e0pia aplicada per especialistes en el tractament de les disfuncions del s\u00f2l pelvi\u00e0 i l'abdomen","breadcrumb":{"@id":"https:\/\/obacsalut.com\/es\/rehabilitacion-suelo-pelvico-mujer-hombre-terrassa\/#breadcrumb"},"inLanguage":"es","potentialAction":[{"@type":"ReadAction","target":["https:\/\/obacsalut.com\/es\/rehabilitacion-suelo-pelvico-mujer-hombre-terrassa\/"]}]},{"@type":"BreadcrumbList","@id":"https:\/\/obacsalut.com\/es\/rehabilitacion-suelo-pelvico-mujer-hombre-terrassa\/#breadcrumb","itemListElement":[{"@type":"ListItem","position":1,"name":"Portada","item":"https:\/\/obacsalut.com\/es\/"},{"@type":"ListItem","position":2,"name":"Rehabilitaci\u00f3n del suelo p\u00e9lvico mujer\/hombre"}]},{"@type":"WebSite","@id":"https:\/\/obacsalut.com\/#website","url":"https:\/\/obacsalut.com\/","name":"Obac Salut - Fisioter\u00e0pia i Osteopatia a Terrassa","description":"Fisioter\u00e0pia i Osteopatia a Terrassa","potentialAction":[{"@type":"SearchAction","target":{"@type":"EntryPoint","urlTemplate":"https:\/\/obacsalut.com\/?s={search_term_string}"},"query-input":"required name=search_term_string"}],"inLanguage":"es"}]}},"uagb_featured_image_src":{"full":false,"thumbnail":false,"medium":false,"medium_large":false,"large":false,"1536x1536":false,"2048x2048":false,"large-thumb":false,"blog-post-thumb":false,"medicenter-gallery-image":false,"medium-thumb":false,"medicenter-gallery-thumb-type-1":false,"medicenter-gallery-thumb-type-2":false,"medicenter-vertical-image":false,"medicenter-small-thumb":false},"uagb_author_info":{"display_name":"admin@www","author_link":"https:\/\/obacsalut.com\/es\/author\/adminwww\/"},"uagb_comment_info":0,"uagb_excerpt":"[vc_row][vc_column][vc_column_text]Ofrecemos tratamientos personalizados para la rehabilitaci\u00f3n del suelo p\u00e9lvico tanto femenino como masculino. Tratamos incontinencias, dolor pelviano, prolapsos, disfunciones sexuales, y problemas derivados del embarazo, postparto o cirug\u00eda. Nuestro enfoque integral incluye la mejora de la salud p\u00e9lvica y el bienestar general,[\/vc_column_text][\/vc_column][\/vc_row][vc_row top_margin=\u00bbpage-margin-top\u00bb el_position=\u00bbfirst last\u00bb css=\u00bb.vc_custom_1607242109901{padding-bottom: 20px !important;background-color: #f0f0f0 !important;}\u00bb][vc_column width=\u00bb1\/2&#8243;][vc_single_image image=\u00bb4314&#8243; img_size=\u00bbfull\u00bb][vc_column_text el_class=\u00bbtitular_esp\u00bb] Suelo","_links":{"self":[{"href":"https:\/\/obacsalut.com\/es\/wp-json\/wp\/v2\/pages\/4671"}],"collection":[{"href":"https:\/\/obacsalut.com\/es\/wp-json\/wp\/v2\/pages"}],"about":[{"href":"https:\/\/obacsalut.com\/es\/wp-json\/wp\/v2\/types\/page"}],"author":[{"embeddable":true,"href":"https:\/\/obacsalut.com\/es\/wp-json\/wp\/v2\/users\/1"}],"replies":[{"embeddable":true,"href":"https:\/\/obacsalut.com\/es\/wp-json\/wp\/v2\/comments?post=4671"}],"version-history":[{"count":7,"href":"https:\/\/obacsalut.com\/es\/wp-json\/wp\/v2\/pages\/4671\/revisions"}],"predecessor-version":[{"id":6139,"href":"https:\/\/obacsalut.com\/es\/wp-json\/wp\/v2\/pages\/4671\/revisions\/6139"}],"wp:attachment":[{"href":"https:\/\/obacsalut.com\/es\/wp-json\/wp\/v2\/media?parent=4671"}],"curies":[{"name":"wp","href":"https:\/\/api.w.org\/{rel}","templated":true}]}}