{"id":4666,"date":"2020-12-06T09:07:58","date_gmt":"2020-12-06T09:07:58","guid":{"rendered":"https:\/\/obacsalut.com\/obac\/unitat-integral-dona-terrassa\/"},"modified":"2025-04-24T12:07:48","modified_gmt":"2025-04-24T12:07:48","slug":"unidad-integral-mujer-terrassa","status":"publish","type":"page","link":"https:\/\/obacsalut.com\/es\/unidad-integral-mujer-terrassa\/","title":{"rendered":"Salud integral de la mujer"},"content":{"rendered":"<p>[vc_row][vc_column]<h1 class=\"box-header large align-left titular titular_dona2\">SALUD INTEGRAL DE LA MUJER<\/h1>[vc_column_text css=\u00bb.vc_custom_1745495855813{padding-top: 20px !important;}\u00bb]El embarazo, el parto y la menopausia, producen cambios y pueden afectar el cuerpo de la mujer. Es por eso que ser\u00e1 muy importante hacer una valoraci\u00f3n y tratamiento para recuperar la funci\u00f3n y evitar lesiones en el futuro.[\/vc_column_text][\/vc_column][\/vc_row][vc_row top_margin=\u00bbpage-margin-top\u00bb el_position=\u00bbfirst last\u00bb css=\u00bb.vc_custom_1607246495251{padding-bottom: 20px !important;background-color: #f0f0f0 !important;}\u00bb][vc_column width=\u00bb1\/2&#8243;][vc_single_image image=\u00bb4326&#8243; img_size=\u00bbfull\u00bb][vc_column_text el_class=\u00bbtitular_esp\u00bb]<\/p>\n<h2>Embarazo<\/h2>\n<p>[\/vc_column_text][vc_column_text el_class=\u00bbtext_esp dona\u00bb]<\/p>\n<ul>\n<li>Seguimiento de las diferentes etapas del embarazo: donde valoramos y tratamos los cambios posturales que se dan en el cuerpo de la mujer durante los diferentes trimestres, control y prevenci\u00f3n del suelo pelviano, preparaci\u00f3n al parto.<\/li>\n<li>Tratamiento de dolores m\u00fasculo-esquel\u00e9ticos que puedan presentarse durante el embarazo: dolor lumbar, ci\u00e1tica, dolor pelviano, piernas hinchadas\u2026<\/li>\n<li>Trabajaremos la pelvis y el abdomen para liberarlos y favorecer que el beb\u00e9 tenga espacio durante el embarazo, y facilidad de por el canal del parto.<\/li>\n<li>Valoramos y tratamos tu suelo pelviano (perin\u00e9) para prevenir p\u00e9rdidas de orina o incontinencias durante el embarazo y como prevenci\u00f3n del posparto.<\/li>\n<li>Te ense\u00f1amos a hacer masaje perineal y, si quieres, tambi\u00e9n a tu pareja.<\/li>\n<li>Asesoramiento de ejercicio f\u00edsico y embarazo.<\/li>\n<li>Ejercicios espec\u00edficos para preparar el parto.<\/li>\n<\/ul>\n<p>[\/vc_column_text][\/vc_column][vc_column width=\u00bb1\/2&#8243;][vc_single_image image=\u00bb4319&#8243; img_size=\u00bbfull\u00bb][vc_column_text el_class=\u00bbtitular_esp\u00bb]<\/p>\n<h2>Postparto<\/h2>\n<p>[\/vc_column_text][vc_column_text el_class=\u00bbtext_esp dona\u00bb]<\/p>\n<ul>\n<li>Valoramos y tratamos la musculatura del suelo pelviano.<\/li>\n<li>Valoramos el estado de la faja muscular abdominal y posible diastasis.<\/li>\n<li>Valoramos el estado de las cicatrices de episiotom\u00edas, desgarros o ces\u00e1rea y las tratamos.<\/li>\n<li>Valoramos y tratamiento de prolapsos, incontinencias urinarias, fecales o de gases, dolor, etc.<\/li>\n<li>Tratamiento y pautas de ejercicio para rehabilitar el suelo pelviano y faja abdominal.<\/li>\n<li>Electro-estimulaci\u00f3n perineal.<\/li>\n<li>Kegels, hipopresivos.<\/li>\n<li>Biofeedback.<\/li>\n<li>Readaptaci\u00f3n al deporte en el posparto.<\/li>\n<\/ul>\n<p><span style=\"font-weight: 300; font-size: 12px;\">*Te valoramos pasada la cuarentena y despu\u00e9s de la visita control del especialista.<\/span>[\/vc_column_text][\/vc_column][\/vc_row][vc_row][vc_column][vc_cta h2=\u00bb\u00bb txt_align=\u00bbcenter\u00bb shape=\u00bbsquare\u00bb add_button=\u00bbbottom\u00bb btn_title=\u00bbRESERVA TU VALORACI\u00d3N\u00bb btn_style=\u00bbflat\u00bb btn_shape=\u00bbsquare\u00bb btn_color=\u00bbinfo\u00bb btn_align=\u00bbcenter\u00bb btn_link=\u00bburl:https%3A%2F%2Fobacsalut.com%2Fes%2Freserva-tu-visita%2F\u00bb]<\/p>\n<h2 style=\"text-align: center;\">TRATAMIENTOS PARA LA MUJER<\/h2>\n<p style=\"text-align: center;\">Ofrecemos ecograf\u00edas para un seguimiento detallado de tu salud. Abordamos los cambios de tu cuerpo con enfoque integral, ayud\u00e1ndote a mejorar tu bienestar, aliviar molestias y recuperar el equilibrio natural en cada etapa de tu vida.<\/p>\n<p>[\/vc_cta][\/vc_column][\/vc_row][vc_row top_margin=\u00bbpage-margin-top\u00bb el_position=\u00bbfirst last\u00bb css=\u00bb.vc_custom_1607246495251{padding-bottom: 20px !important;background-color: #f0f0f0 !important;}\u00bb][vc_column width=\u00bb1\/2&#8243;][vc_single_image image=\u00bb5891&#8243; img_size=\u00bbfull\u00bb][vc_column_text el_class=\u00bbtitular_esp\u00bb]<\/p>\n<h2>Menopausia<\/h2>\n<p>[\/vc_column_text][vc_column_text el_class=\u00bbtext_esp dona\u00bb]Los cambios estrog\u00e9nicos alrededor de la menopausia pueden afectar al cuerpo de la mujer, pudiendo ocasionar: osteoporosis, aumento de peso sobre todo en la zona de la cintura abdominal, alteraciones al sue\u00f1o, en el estado de \u00e1nimo, a la sexualidad, disfunciones del suelo pelviano, incontinencias, prolapsos, sequedad vaginal, dolores o molestias m\u00fasculo-esquel\u00e9ticas&#8230;[\/vc_column_text][\/vc_column][vc_column width=\u00bb1\/2&#8243;][vc_single_image image=\u00bb4263&#8243; img_size=\u00bbfull\u00bb][vc_column_text el_class=\u00bbtitular_esp\u00bb]<\/p>\n<h2>Ecograf\u00eda muscular perineal y abdominal<\/h2>\n<p>[\/vc_column_text][vc_column_text el_class=\u00bbtext_esp dona\u00bb]La fisioterapia y la osteopat\u00eda utiliza la Ecograf\u00eda como diagn\u00f3stico por la imagen para valorar el estado y funcionalidad de los m\u00fasculos del suelo p\u00e9lvico y tambi\u00e9n durante las sesiones de tratamiento para ver su din\u00e1mica mientras realizamos el tratamiento, de manera totalmente inocua.<\/p>\n<ul>\n<li>Ecograf\u00eda perineal: valoraremos el estado de la musculatura del suelo pelviano, si hay o no inestabilidad uretral, avulsiones musculares, prolapsos, volumen vesical, correcta contracci\u00f3n y funci\u00f3n muscular.<\/li>\n<li>Ecograf\u00eda abdominal: valoramos si hay di\u00e1stasis abdominal y el estado de la musculatura profunda, y te ense\u00f1amos in situ a contraer correctamente esta musculatura para rehabilitarla.<\/li>\n<\/ul>\n<p>[\/vc_column_text][\/vc_column][\/vc_row]<\/p>\n","protected":false},"excerpt":{"rendered":"<p>[vc_row][vc_column][vc_column_text css=\u00bb.vc_custom_1745495855813{padding-top: 20px !important;}\u00bb]El embarazo, el parto y la menopausia, producen cambios y pueden afectar el cuerpo de la mujer. Es por eso que ser\u00e1 muy importante hacer una valoraci\u00f3n y tratamiento para recuperar la funci\u00f3n y evitar lesiones en el futuro.[\/vc_column_text][\/vc_column][\/vc_row][vc_row top_margin=\u00bbpage-margin-top\u00bb el_position=\u00bbfirst last\u00bb css=\u00bb.vc_custom_1607246495251{padding-bottom: 20px !important;background-color: #f0f0f0 !important;}\u00bb][vc_column width=\u00bb1\/2&#8243;][vc_single_image image=\u00bb4326&#8243; img_size=\u00bbfull\u00bb][vc_column_text el_class=\u00bbtitular_esp\u00bb] Embarazo<\/p>\n","protected":false},"author":1,"featured_media":0,"parent":0,"menu_order":6,"comment_status":"open","ping_status":"open","template":"","meta":{"_uag_custom_page_level_css":"","_uf_show_specific_survey":0,"_uf_disable_surveys":false,"footnotes":""},"yoast_head":"<!-- This site is optimized with the Yoast SEO plugin v22.2 - https:\/\/yoast.com\/wordpress\/plugins\/seo\/ -->\n<title>Salud integral de la mujer - Obac Salut - Fisioter\u00e0pia i Osteopatia a Terrassa<\/title>\n<meta name=\"description\" content=\"Unidad espec\u00edfica para el tratamiento integral de la mujer, estamos especializados en el \u00e1rea ginecol\u00f3gica y obst\u00e9trica.\" \/>\n<meta name=\"robots\" content=\"index, follow, max-snippet:-1, max-image-preview:large, max-video-preview:-1\" \/>\n<link rel=\"canonical\" href=\"https:\/\/obacsalut.com\/es\/unidad-integral-mujer-terrassa\/\" \/>\n<meta property=\"og:locale\" content=\"es_ES\" \/>\n<meta property=\"og:type\" content=\"article\" \/>\n<meta property=\"og:title\" content=\"Salud integral de la mujer - Obac Salut - Fisioter\u00e0pia i Osteopatia a Terrassa\" \/>\n<meta property=\"og:description\" content=\"Unidad espec\u00edfica para el tratamiento integral de la mujer, estamos especializados en el \u00e1rea ginecol\u00f3gica y obst\u00e9trica.\" \/>\n<meta property=\"og:url\" content=\"https:\/\/obacsalut.com\/es\/unidad-integral-mujer-terrassa\/\" \/>\n<meta property=\"og:site_name\" content=\"Obac Salut - Fisioter\u00e0pia i Osteopatia a Terrassa\" \/>\n<meta property=\"article:modified_time\" content=\"2025-04-24T12:07:48+00:00\" \/>\n<meta name=\"twitter:card\" content=\"summary_large_image\" \/>\n<meta name=\"twitter:label1\" content=\"Tiempo de lectura\" \/>\n\t<meta name=\"twitter:data1\" content=\"3 minutos\" \/>\n<script type=\"application\/ld+json\" class=\"yoast-schema-graph\">{\"@context\":\"https:\/\/schema.org\",\"@graph\":[{\"@type\":\"WebPage\",\"@id\":\"https:\/\/obacsalut.com\/es\/unidad-integral-mujer-terrassa\/\",\"url\":\"https:\/\/obacsalut.com\/es\/unidad-integral-mujer-terrassa\/\",\"name\":\"Salud integral de la mujer - Obac Salut - Fisioter\u00e0pia i Osteopatia a Terrassa\",\"isPartOf\":{\"@id\":\"https:\/\/obacsalut.com\/#website\"},\"datePublished\":\"2020-12-06T09:07:58+00:00\",\"dateModified\":\"2025-04-24T12:07:48+00:00\",\"description\":\"Unidad espec\u00edfica para el tratamiento integral de la mujer, estamos especializados en el \u00e1rea ginecol\u00f3gica y obst\u00e9trica.\",\"breadcrumb\":{\"@id\":\"https:\/\/obacsalut.com\/es\/unidad-integral-mujer-terrassa\/#breadcrumb\"},\"inLanguage\":\"es\",\"potentialAction\":[{\"@type\":\"ReadAction\",\"target\":[\"https:\/\/obacsalut.com\/es\/unidad-integral-mujer-terrassa\/\"]}]},{\"@type\":\"BreadcrumbList\",\"@id\":\"https:\/\/obacsalut.com\/es\/unidad-integral-mujer-terrassa\/#breadcrumb\",\"itemListElement\":[{\"@type\":\"ListItem\",\"position\":1,\"name\":\"Portada\",\"item\":\"https:\/\/obacsalut.com\/es\/\"},{\"@type\":\"ListItem\",\"position\":2,\"name\":\"Salud integral de la mujer\"}]},{\"@type\":\"WebSite\",\"@id\":\"https:\/\/obacsalut.com\/#website\",\"url\":\"https:\/\/obacsalut.com\/\",\"name\":\"Obac Salut - Fisioter\u00e0pia i Osteopatia a Terrassa\",\"description\":\"Fisioter\u00e0pia i Osteopatia a Terrassa\",\"potentialAction\":[{\"@type\":\"SearchAction\",\"target\":{\"@type\":\"EntryPoint\",\"urlTemplate\":\"https:\/\/obacsalut.com\/?s={search_term_string}\"},\"query-input\":\"required name=search_term_string\"}],\"inLanguage\":\"es\"}]}<\/script>\n<!-- \/ Yoast SEO plugin. -->","yoast_head_json":{"title":"Salud integral de la mujer - Obac Salut - Fisioter\u00e0pia i Osteopatia a Terrassa","description":"Unidad espec\u00edfica para el tratamiento integral de la mujer, estamos especializados en el \u00e1rea ginecol\u00f3gica y obst\u00e9trica.","robots":{"index":"index","follow":"follow","max-snippet":"max-snippet:-1","max-image-preview":"max-image-preview:large","max-video-preview":"max-video-preview:-1"},"canonical":"https:\/\/obacsalut.com\/es\/unidad-integral-mujer-terrassa\/","og_locale":"es_ES","og_type":"article","og_title":"Salud integral de la mujer - Obac Salut - Fisioter\u00e0pia i Osteopatia a Terrassa","og_description":"Unidad espec\u00edfica para el tratamiento integral de la mujer, estamos especializados en el \u00e1rea ginecol\u00f3gica y obst\u00e9trica.","og_url":"https:\/\/obacsalut.com\/es\/unidad-integral-mujer-terrassa\/","og_site_name":"Obac Salut - Fisioter\u00e0pia i Osteopatia a Terrassa","article_modified_time":"2025-04-24T12:07:48+00:00","twitter_card":"summary_large_image","twitter_misc":{"Tiempo de lectura":"3 minutos"},"schema":{"@context":"https:\/\/schema.org","@graph":[{"@type":"WebPage","@id":"https:\/\/obacsalut.com\/es\/unidad-integral-mujer-terrassa\/","url":"https:\/\/obacsalut.com\/es\/unidad-integral-mujer-terrassa\/","name":"Salud integral de la mujer - Obac Salut - Fisioter\u00e0pia i Osteopatia a Terrassa","isPartOf":{"@id":"https:\/\/obacsalut.com\/#website"},"datePublished":"2020-12-06T09:07:58+00:00","dateModified":"2025-04-24T12:07:48+00:00","description":"Unidad espec\u00edfica para el tratamiento integral de la mujer, estamos especializados en el \u00e1rea ginecol\u00f3gica y obst\u00e9trica.","breadcrumb":{"@id":"https:\/\/obacsalut.com\/es\/unidad-integral-mujer-terrassa\/#breadcrumb"},"inLanguage":"es","potentialAction":[{"@type":"ReadAction","target":["https:\/\/obacsalut.com\/es\/unidad-integral-mujer-terrassa\/"]}]},{"@type":"BreadcrumbList","@id":"https:\/\/obacsalut.com\/es\/unidad-integral-mujer-terrassa\/#breadcrumb","itemListElement":[{"@type":"ListItem","position":1,"name":"Portada","item":"https:\/\/obacsalut.com\/es\/"},{"@type":"ListItem","position":2,"name":"Salud integral de la mujer"}]},{"@type":"WebSite","@id":"https:\/\/obacsalut.com\/#website","url":"https:\/\/obacsalut.com\/","name":"Obac Salut - Fisioter\u00e0pia i Osteopatia a Terrassa","description":"Fisioter\u00e0pia i Osteopatia a Terrassa","potentialAction":[{"@type":"SearchAction","target":{"@type":"EntryPoint","urlTemplate":"https:\/\/obacsalut.com\/?s={search_term_string}"},"query-input":"required name=search_term_string"}],"inLanguage":"es"}]}},"uagb_featured_image_src":{"full":false,"thumbnail":false,"medium":false,"medium_large":false,"large":false,"1536x1536":false,"2048x2048":false,"large-thumb":false,"blog-post-thumb":false,"medicenter-gallery-image":false,"medium-thumb":false,"medicenter-gallery-thumb-type-1":false,"medicenter-gallery-thumb-type-2":false,"medicenter-vertical-image":false,"medicenter-small-thumb":false},"uagb_author_info":{"display_name":"admin@www","author_link":"https:\/\/obacsalut.com\/es\/author\/adminwww\/"},"uagb_comment_info":0,"uagb_excerpt":"[vc_row][vc_column][vc_column_text css=\u00bb.vc_custom_1745495855813{padding-top: 20px !important;}\u00bb]El embarazo, el parto y la menopausia, producen cambios y pueden afectar el cuerpo de la mujer. Es por eso que ser\u00e1 muy importante hacer una valoraci\u00f3n y tratamiento para recuperar la funci\u00f3n y evitar lesiones en el futuro.[\/vc_column_text][\/vc_column][\/vc_row][vc_row top_margin=\u00bbpage-margin-top\u00bb el_position=\u00bbfirst last\u00bb css=\u00bb.vc_custom_1607246495251{padding-bottom: 20px !important;background-color: #f0f0f0 !important;}\u00bb][vc_column width=\u00bb1\/2&#8243;][vc_single_image image=\u00bb4326&#8243; img_size=\u00bbfull\u00bb][vc_column_text el_class=\u00bbtitular_esp\u00bb] Embarazo","_links":{"self":[{"href":"https:\/\/obacsalut.com\/es\/wp-json\/wp\/v2\/pages\/4666"}],"collection":[{"href":"https:\/\/obacsalut.com\/es\/wp-json\/wp\/v2\/pages"}],"about":[{"href":"https:\/\/obacsalut.com\/es\/wp-json\/wp\/v2\/types\/page"}],"author":[{"embeddable":true,"href":"https:\/\/obacsalut.com\/es\/wp-json\/wp\/v2\/users\/1"}],"replies":[{"embeddable":true,"href":"https:\/\/obacsalut.com\/es\/wp-json\/wp\/v2\/comments?post=4666"}],"version-history":[{"count":10,"href":"https:\/\/obacsalut.com\/es\/wp-json\/wp\/v2\/pages\/4666\/revisions"}],"predecessor-version":[{"id":6144,"href":"https:\/\/obacsalut.com\/es\/wp-json\/wp\/v2\/pages\/4666\/revisions\/6144"}],"wp:attachment":[{"href":"https:\/\/obacsalut.com\/es\/wp-json\/wp\/v2\/media?parent=4666"}],"curies":[{"name":"wp","href":"https:\/\/api.w.org\/{rel}","templated":true}]}}